{"id":1861,"date":"2014-10-27T17:57:16","date_gmt":"2014-10-27T17:57:16","guid":{"rendered":"http:\/\/www.mataroempresa.cat\/?page_id=1861"},"modified":"2021-07-09T08:23:14","modified_gmt":"2021-07-09T08:23:14","slug":"planifica-tu-negocio","status":"publish","type":"page","link":"https:\/\/www.mataroempresa.cat\/es\/que-quereis-hacer\/planifica-tu-negocio\/","title":{"rendered":"Planifica tu negocio"},"content":{"rendered":"<section class=\"cs-section\"><div class=\"container\"><div class=\"row\"><div class=\"col-md-12\"><div class=\"cs-column-text\"><div style=\"\" class=\"parentlayerslidercont\">\n<div data-slider_options=\"{&quot;width&quot;:&quot;848&quot;,&quot;height&quot;:&quot;430&quot;,&quot;autoplay_delay&quot;:&quot;6000&quot;,&quot;slide_bgcolor&quot;:&quot;#fff&quot;,&quot;slide_order&quot;:&quot;seq&quot;,&quot;slide_animation&quot;:&quot;fade&quot;,&quot;slider_shadow&quot;:&quot;1&quot;,&quot;arrow_color&quot;:&quot;#fff&quot;,&quot;arrow_size&quot;:1,&quot;thumbnails_position&quot;:&quot;bottom&quot;,&quot;dots_color&quot;:&quot;#000&quot;,&quot;dots_border_color&quot;:&quot;#000&quot;,&quot;dots_size&quot;:10,&quot;dots_position&quot;:&quot;bottom&quot;,&quot;selected_thumb_border_color&quot;:&quot;#000&quot;,&quot;slider_border_color&quot;:&quot;#fff&quot;,&quot;custom_css&quot;:&quot;&quot;,&quot;is_responsive&quot;:true,&quot;auto_start&quot;:false,&quot;pause_on_mouse_over&quot;:false,&quot;autoplay_vid&quot;:false,&quot;pause_slideshow_vid&quot;:true,&quot;full_width&quot;:false,&quot;thumbnails&quot;:false,&quot;thumbnails_arrow&quot;:false,&quot;full_screen&quot;:false,&quot;is_text_responsive&quot;:false,&quot;nav_arrows&quot;:false,&quot;nav_dots&quot;:false,&quot;is_slider_border_color&quot;:false,&quot;lazy_load&quot;:false,&quot;slider_order&quot;:&quot;seq&quot;}\" class=\"slider-pro wprlslayerslider\" id=\"slider3961\" data-sliderid=\"3961\" data-iwidth=\"848\" data-iheight=\"430\">\n    <div class=\"sp-slides\">\n    \t                <div class=\"sp-slide sp-slide0\" data-slideid=\"39611\" data-slideduration=\"1000\" data-animation=\"fade\">\n\n                        \n                        \n            <img class=\"sp-image\" alt=\"\" src=\"http:\/\/www.mataroempresa.cat\/wp-content\/uploads\/2014\/11\/planifica-el-teu-negoci.jpg\" \/>\n            \n            \n                        \n                               \n            <\/div>\n    \t    \n<\/div>\n<\/div>\n<\/div> <!-- end slider -->\n<!-- CUSTOM CSS -->\n<style><\/style>\n<!-- END CUSTOM CSS --><hr class=\"cs-space\" style=\"margin-top:40px\"><\/p>\n<\/div><\/div><\/div><\/div><\/section><section class=\"cs-section\"><div class=\"container\"><div class=\"row\"><div class=\"col-md-3\"><div class=\"cs-column-text\"><aside id=\"sidebar\"><div class=\"route_widget widget_nav_menu\"><div class=\"menu-planifica-cast-container\"><ul id=\"menu-planifica-cast\" class=\"menu\"><li id=\"menu-item-2148\" class=\"menu-item menu-item-type-custom menu-item-object-custom menu-item-2148\"><a href=\"http:\/\/www.mataroempresa.cat\/es\/que-quereis-hacer\/planifica-tu-negocio\/\">\u00bfTienes una idea de negocio?<\/a><\/li>\n<li id=\"menu-item-2147\" class=\"menu-item menu-item-type-post_type menu-item-object-page menu-item-2147\"><a href=\"https:\/\/www.mataroempresa.cat\/es\/que-quereis-hacer\/planifica-tu-negocio\/por-que-instalarte-en-mataro\/\">\u00bfPor qu\u00e9 instalarte en Matar\u00f3?<\/a><\/li>\n<li id=\"menu-item-2146\" class=\"menu-item menu-item-type-post_type menu-item-object-page menu-item-2146\"><a href=\"https:\/\/www.mataroempresa.cat\/es\/que-quereis-hacer\/planifica-tu-negocio\/obligaciones-legales\/\">Obligaciones legales a tener en cuenta<\/a><\/li>\n<li id=\"menu-item-2145\" class=\"menu-item menu-item-type-post_type menu-item-object-page menu-item-2145\"><a href=\"https:\/\/www.mataroempresa.cat\/es\/financiacion\/\">Financiaci\u00f3n<\/a><\/li>\n<\/ul><\/div><\/div><\/aside>\n<\/div><\/div><div class=\"col-md-9\"><div class=\"cs-column-text\"><h3><span style=\"color: #009ee0;\"><strong>\u00bfTienes una idea de negocio?<\/strong><\/span><\/h3>\n<p><strong>Si quieres poner en marcha un negocio y necesitas ayuda para una planificaci\u00f3n previa a la actividad, aqu\u00ed\u00a0encontrar\u00e1s\u00a0la ayuda para desarrollar tu proyecto.<\/strong><\/p>\n<p>Una vez concretada la idea de negocio, se tiene que analizar su viabilidad. Es recomendable elaborar un plan de empresa para poner orden a la idea y analizar la viabilidad econ\u00f3mico-financiera y el cumplimiento de las obligaciones legales a tener en cuenta.<\/p>\n<\/div><\/div><\/div><\/div><\/section><section class=\"cs-section\"><div class=\"container\"><div class=\"row\"><div class=\"col-md-3\"><\/div><div class=\"col-md-9\"><div class=\"cs-column-text\"><p><hr class=\"cs-space\" style=\"margin-top:20px\"><div class=\"cs-column-text\"><\/div><strong>Si quieres adquirir un negocio que ya est\u00e1 en funcionamiento te ofrecemos<\/strong>\u00a0<a href=\"http:\/\/www.reempresa.org\/mataro\/\" target=\"_blank\" rel=\"noopener\">Reempresa<\/a>.\u00a0Es un nuevo modelo de emprendedur\u00eda que fomenta la continuidad de empresas que son viables econ\u00f3micamente y buscan relevo en la propiedad y direcci\u00f3n.<\/p>\n<p><a href=\"http:\/\/www.reempresa.org\/\" target=\"_blank\" rel=\"noopener\"><img decoding=\"async\" loading=\"lazy\" class=\"aligncenter wp-image-1665 size-medium\" src=\"http:\/\/www.mataroempresa.cat\/wp-content\/uploads\/2014\/10\/Reempresa-grande-300x73.jpg\" alt=\"Reempresa grande\" width=\"300\" height=\"73\" srcset=\"https:\/\/www.mataroempresa.cat\/wp-content\/uploads\/2014\/10\/Reempresa-grande-300x73.jpg 300w, https:\/\/www.mataroempresa.cat\/wp-content\/uploads\/2014\/10\/Reempresa-grande.jpg 677w\" sizes=\"(max-width: 300px) 100vw, 300px\" \/><\/a><\/p>\n<\/div><\/div><\/div><\/div><\/section><section class=\"cs-section md-padding\"><div class=\"container\"><div class=\"row\"><div class=\"col-md-12\"><div class=\"cs-column-text\"><hr class=\"cs-space\" style=\"margin-top:50px\">\n<\/div><\/div><\/div><\/div><\/section>\n","protected":false},"excerpt":{"rendered":"<p><span class=\"entry-read-more\"><a href=\"https:\/\/www.mataroempresa.cat\/es\/que-quereis-hacer\/planifica-tu-negocio\/\" class=\"cs-btn cs-btn-flat cs-btn-rounded cs-btn-xxs cs-btn-flat-accent\">Leer m\u00e1s<\/a><\/span><\/p>\n","protected":false},"author":1,"featured_media":0,"parent":1866,"menu_order":0,"comment_status":"closed","ping_status":"closed","template":"","meta":{"footnotes":""},"yoast_head":"<!-- This site is optimized with the Yoast SEO plugin v21.1 - https:\/\/yoast.com\/wordpress\/plugins\/seo\/ -->\n<title>Planifica tu negocio - Matar\u00f3 Empresa<\/title>\n<meta name=\"robots\" content=\"index, follow, max-snippet:-1, max-image-preview:large, max-video-preview:-1\" \/>\n<link rel=\"canonical\" href=\"https:\/\/www.mataroempresa.cat\/es\/que-quereis-hacer\/planifica-tu-negocio\/\" \/>\n<meta property=\"og:locale\" content=\"es_ES\" \/>\n<meta property=\"og:type\" content=\"article\" \/>\n<meta property=\"og:title\" content=\"Planifica tu negocio - Matar\u00f3 Empresa\" \/>\n<meta property=\"og:url\" content=\"https:\/\/www.mataroempresa.cat\/es\/que-quereis-hacer\/planifica-tu-negocio\/\" \/>\n<meta property=\"og:site_name\" content=\"Matar\u00f3 Empresa\" \/>\n<meta property=\"article:modified_time\" content=\"2021-07-09T08:23:14+00:00\" \/>\n<meta property=\"og:image\" content=\"http:\/\/www.mataroempresa.cat\/wp-content\/uploads\/2014\/10\/Reempresa-grande-300x73.jpg\" \/>\n<meta name=\"twitter:card\" content=\"summary_large_image\" \/>\n<meta name=\"twitter:label1\" content=\"Tiempo de lectura\" \/>\n\t<meta name=\"twitter:data1\" content=\"1 minute\" \/>\n<script type=\"application\/ld+json\" class=\"yoast-schema-graph\">{\"@context\":\"https:\/\/schema.org\",\"@graph\":[{\"@type\":\"WebPage\",\"@id\":\"https:\/\/www.mataroempresa.cat\/es\/que-quereis-hacer\/planifica-tu-negocio\/\",\"url\":\"https:\/\/www.mataroempresa.cat\/es\/que-quereis-hacer\/planifica-tu-negocio\/\",\"name\":\"Planifica tu negocio - Matar\u00f3 Empresa\",\"isPartOf\":{\"@id\":\"https:\/\/www.mataroempresa.cat\/es\/#website\"},\"datePublished\":\"2014-10-27T17:57:16+00:00\",\"dateModified\":\"2021-07-09T08:23:14+00:00\",\"breadcrumb\":{\"@id\":\"https:\/\/www.mataroempresa.cat\/es\/que-quereis-hacer\/planifica-tu-negocio\/#breadcrumb\"},\"inLanguage\":\"es-ES\",\"potentialAction\":[{\"@type\":\"ReadAction\",\"target\":[\"https:\/\/www.mataroempresa.cat\/es\/que-quereis-hacer\/planifica-tu-negocio\/\"]}]},{\"@type\":\"BreadcrumbList\",\"@id\":\"https:\/\/www.mataroempresa.cat\/es\/que-quereis-hacer\/planifica-tu-negocio\/#breadcrumb\",\"itemListElement\":[{\"@type\":\"ListItem\",\"position\":1,\"name\":\"Inici\",\"item\":\"https:\/\/www.mataroempresa.cat\/es\/\"},{\"@type\":\"ListItem\",\"position\":2,\"name\":\"\u00bfQu\u00e9 quer\u00e9is hacer?\",\"item\":\"https:\/\/www.mataroempresa.cat\/es\/que-quereis-hacer\/\"},{\"@type\":\"ListItem\",\"position\":3,\"name\":\"Planifica tu negocio\"}]},{\"@type\":\"WebSite\",\"@id\":\"https:\/\/www.mataroempresa.cat\/es\/#website\",\"url\":\"https:\/\/www.mataroempresa.cat\/es\/\",\"name\":\"Matar\u00f3 Empresa\",\"description\":\"Matar\u00f3 Empresa\",\"potentialAction\":[{\"@type\":\"SearchAction\",\"target\":{\"@type\":\"EntryPoint\",\"urlTemplate\":\"https:\/\/www.mataroempresa.cat\/es\/?s={search_term_string}\"},\"query-input\":\"required name=search_term_string\"}],\"inLanguage\":\"es-ES\"}]}<\/script>\n<!-- \/ Yoast SEO plugin. -->","yoast_head_json":{"title":"Planifica tu negocio - Matar\u00f3 Empresa","robots":{"index":"index","follow":"follow","max-snippet":"max-snippet:-1","max-image-preview":"max-image-preview:large","max-video-preview":"max-video-preview:-1"},"canonical":"https:\/\/www.mataroempresa.cat\/es\/que-quereis-hacer\/planifica-tu-negocio\/","og_locale":"es_ES","og_type":"article","og_title":"Planifica tu negocio - Matar\u00f3 Empresa","og_url":"https:\/\/www.mataroempresa.cat\/es\/que-quereis-hacer\/planifica-tu-negocio\/","og_site_name":"Matar\u00f3 Empresa","article_modified_time":"2021-07-09T08:23:14+00:00","og_image":[{"url":"http:\/\/www.mataroempresa.cat\/wp-content\/uploads\/2014\/10\/Reempresa-grande-300x73.jpg"}],"twitter_card":"summary_large_image","twitter_misc":{"Tiempo de lectura":"1 minute"},"schema":{"@context":"https:\/\/schema.org","@graph":[{"@type":"WebPage","@id":"https:\/\/www.mataroempresa.cat\/es\/que-quereis-hacer\/planifica-tu-negocio\/","url":"https:\/\/www.mataroempresa.cat\/es\/que-quereis-hacer\/planifica-tu-negocio\/","name":"Planifica tu negocio - Matar\u00f3 Empresa","isPartOf":{"@id":"https:\/\/www.mataroempresa.cat\/es\/#website"},"datePublished":"2014-10-27T17:57:16+00:00","dateModified":"2021-07-09T08:23:14+00:00","breadcrumb":{"@id":"https:\/\/www.mataroempresa.cat\/es\/que-quereis-hacer\/planifica-tu-negocio\/#breadcrumb"},"inLanguage":"es-ES","potentialAction":[{"@type":"ReadAction","target":["https:\/\/www.mataroempresa.cat\/es\/que-quereis-hacer\/planifica-tu-negocio\/"]}]},{"@type":"BreadcrumbList","@id":"https:\/\/www.mataroempresa.cat\/es\/que-quereis-hacer\/planifica-tu-negocio\/#breadcrumb","itemListElement":[{"@type":"ListItem","position":1,"name":"Inici","item":"https:\/\/www.mataroempresa.cat\/es\/"},{"@type":"ListItem","position":2,"name":"\u00bfQu\u00e9 quer\u00e9is hacer?","item":"https:\/\/www.mataroempresa.cat\/es\/que-quereis-hacer\/"},{"@type":"ListItem","position":3,"name":"Planifica tu negocio"}]},{"@type":"WebSite","@id":"https:\/\/www.mataroempresa.cat\/es\/#website","url":"https:\/\/www.mataroempresa.cat\/es\/","name":"Matar\u00f3 Empresa","description":"Matar\u00f3 Empresa","potentialAction":[{"@type":"SearchAction","target":{"@type":"EntryPoint","urlTemplate":"https:\/\/www.mataroempresa.cat\/es\/?s={search_term_string}"},"query-input":"required name=search_term_string"}],"inLanguage":"es-ES"}]}},"_links":{"self":[{"href":"https:\/\/www.mataroempresa.cat\/es\/wp-json\/wp\/v2\/pages\/1861"}],"collection":[{"href":"https:\/\/www.mataroempresa.cat\/es\/wp-json\/wp\/v2\/pages"}],"about":[{"href":"https:\/\/www.mataroempresa.cat\/es\/wp-json\/wp\/v2\/types\/page"}],"author":[{"embeddable":true,"href":"https:\/\/www.mataroempresa.cat\/es\/wp-json\/wp\/v2\/users\/1"}],"replies":[{"embeddable":true,"href":"https:\/\/www.mataroempresa.cat\/es\/wp-json\/wp\/v2\/comments?post=1861"}],"version-history":[{"count":28,"href":"https:\/\/www.mataroempresa.cat\/es\/wp-json\/wp\/v2\/pages\/1861\/revisions"}],"predecessor-version":[{"id":3992,"href":"https:\/\/www.mataroempresa.cat\/es\/wp-json\/wp\/v2\/pages\/1861\/revisions\/3992"}],"up":[{"embeddable":true,"href":"https:\/\/www.mataroempresa.cat\/es\/wp-json\/wp\/v2\/pages\/1866"}],"wp:attachment":[{"href":"https:\/\/www.mataroempresa.cat\/es\/wp-json\/wp\/v2\/media?parent=1861"}],"curies":[{"name":"wp","href":"https:\/\/api.w.org\/{rel}","templated":true}]}}