{"id":1874,"date":"2015-01-12T11:15:04","date_gmt":"2015-01-12T11:15:04","guid":{"rendered":"http:\/\/www.mataroempresa.cat\/?page_id=1874"},"modified":"2021-07-09T08:26:54","modified_gmt":"2021-07-09T08:26:54","slug":"financiacion","status":"publish","type":"page","link":"https:\/\/www.mataroempresa.cat\/es\/financiacion\/","title":{"rendered":"Financiaci\u00f3n"},"content":{"rendered":"<section class=\"cs-section\"><div class=\"container\"><div class=\"row\"><div class=\"col-md-12\"><div class=\"cs-column-text\"><div style=\"\" class=\"parentlayerslidercont\">\n<div data-slider_options=\"{&quot;width&quot;:&quot;848&quot;,&quot;height&quot;:&quot;430&quot;,&quot;autoplay_delay&quot;:&quot;6000&quot;,&quot;slide_bgcolor&quot;:&quot;#fff&quot;,&quot;slide_order&quot;:&quot;seq&quot;,&quot;slide_animation&quot;:&quot;fade&quot;,&quot;slider_shadow&quot;:&quot;1&quot;,&quot;arrow_color&quot;:&quot;#fff&quot;,&quot;arrow_size&quot;:1,&quot;thumbnails_position&quot;:&quot;bottom&quot;,&quot;dots_color&quot;:&quot;#000&quot;,&quot;dots_border_color&quot;:&quot;#000&quot;,&quot;dots_size&quot;:10,&quot;dots_position&quot;:&quot;bottom&quot;,&quot;selected_thumb_border_color&quot;:&quot;#000&quot;,&quot;slider_border_color&quot;:&quot;#fff&quot;,&quot;custom_css&quot;:&quot;&quot;,&quot;is_responsive&quot;:true,&quot;auto_start&quot;:false,&quot;pause_on_mouse_over&quot;:false,&quot;autoplay_vid&quot;:false,&quot;pause_slideshow_vid&quot;:true,&quot;full_width&quot;:false,&quot;thumbnails&quot;:false,&quot;thumbnails_arrow&quot;:false,&quot;full_screen&quot;:false,&quot;is_text_responsive&quot;:false,&quot;nav_arrows&quot;:false,&quot;nav_dots&quot;:false,&quot;is_slider_border_color&quot;:false,&quot;lazy_load&quot;:false,&quot;slider_order&quot;:&quot;seq&quot;}\" class=\"slider-pro wprlslayerslider\" id=\"slider3961\" data-sliderid=\"3961\" data-iwidth=\"848\" data-iheight=\"430\">\n    <div class=\"sp-slides\">\n    \t                <div class=\"sp-slide sp-slide0\" data-slideid=\"39611\" data-slideduration=\"1000\" data-animation=\"fade\">\n\n                        \n                        \n            <img class=\"sp-image\" alt=\"\" src=\"http:\/\/www.mataroempresa.cat\/wp-content\/uploads\/2014\/11\/planifica-el-teu-negoci.jpg\" \/>\n            \n            \n                        \n                               \n            <\/div>\n    \t    \n<\/div>\n<\/div>\n<\/div> <!-- end slider -->\n<!-- CUSTOM CSS -->\n<style><\/style>\n<!-- END CUSTOM CSS --><hr class=\"cs-space\" style=\"margin-top:40px\"><\/p>\n<\/div><\/div><\/div><\/div><\/section><section class=\"cs-section\"><div class=\"container\"><div class=\"row\"><div class=\"col-md-3\"><div class=\"cs-column-text\"><div class=\"page-sidebar sidebar-left\"><aside id=\"sidebar\"><div class=\"route_widget widget_nav_menu\"><div class=\"menu-planifica-cast-container\"><ul id=\"menu-planifica-cast\" class=\"menu\"><li id=\"menu-item-2148\" class=\"menu-item menu-item-type-custom menu-item-object-custom menu-item-2148\"><a href=\"http:\/\/www.mataroempresa.cat\/es\/que-quereis-hacer\/planifica-tu-negocio\/\">\u00bfTienes una idea de negocio?<\/a><\/li>\n<li id=\"menu-item-2147\" class=\"menu-item menu-item-type-post_type menu-item-object-page menu-item-2147\"><a href=\"https:\/\/www.mataroempresa.cat\/es\/que-quereis-hacer\/planifica-tu-negocio\/por-que-instalarte-en-mataro\/\">\u00bfPor qu\u00e9 instalarte en Matar\u00f3?<\/a><\/li>\n<li id=\"menu-item-2146\" class=\"menu-item menu-item-type-post_type menu-item-object-page menu-item-2146\"><a href=\"https:\/\/www.mataroempresa.cat\/es\/que-quereis-hacer\/planifica-tu-negocio\/obligaciones-legales\/\">Obligaciones legales a tener en cuenta<\/a><\/li>\n<li id=\"menu-item-2145\" class=\"menu-item menu-item-type-post_type menu-item-object-page menu-item-2145\"><a href=\"https:\/\/www.mataroempresa.cat\/es\/financiacion\/\">Financiaci\u00f3n<\/a><\/li>\n<\/ul><\/div><\/div><\/aside><\/div>\n<\/div><\/div><div class=\"col-md-9\"><div class=\"cs-column-text\"><h3><span style=\"color: #009ee0;\">Financiaci\u00f3n<\/span><\/h3>\n<p>Una vez tenemos una idea de negocio que puede convertirse en una empresa viable, hay que conseguir dinero para poder hacer la inversi\u00f3n inicial y a los gastos que se generar\u00e1n en el negocio.<\/p>\n<p>Este dinero puede provenir de los mismos ahorros de la persona emprendedora, de su entorno m\u00e1s inmediato ( amigos y familiares), de los mecanismos financieros existentes (pr\u00e9stamos, cr\u00e9ditos,&#8230;), de ayudas y subvenciones o de concursos y premios entre otros. Tambi\u00e9n hay que saber si se podr\u00e1 disfrutar de incentivos fiscales que ayuden a mejorar el resultado de la empresa.<\/p>\n<p>Te ofrecemos las siguientes herramientas de financiaci\u00f3n e incentivos para el fomento de la actividad econ\u00f3mica:<\/p>\n<\/div><\/div><\/div><\/div><\/section><section class=\"cs-section\"><div class=\"container\"><div class=\"row\"><div class=\"col-md-12\"><div class=\"cs-column-text\"><div class=\"cs-btn-align text-center\"><a href=\"http:\/\/www.mataroempresa.cat\/es\/empieza\/financiacion\/\" class=\"cs-btn cs-btn-flat cs-btn-square cs-btn-flat-accent cs-btn-sm\" target=\"_blank\"><i class=\"cs-in fa fa-gears\"><\/i>HERRAMIENTAS DE FINANCIACI\u00d3N<\/a><\/div>\n<\/div><\/div><\/div><\/div><\/section>\n","protected":false},"excerpt":{"rendered":"<p><span class=\"entry-read-more\"><a href=\"https:\/\/www.mataroempresa.cat\/es\/financiacion\/\" class=\"cs-btn cs-btn-flat cs-btn-rounded cs-btn-xxs cs-btn-flat-accent\">Leer m\u00e1s<\/a><\/span><\/p>\n","protected":false},"author":7,"featured_media":0,"parent":0,"menu_order":0,"comment_status":"closed","ping_status":"closed","template":"","meta":{"footnotes":""},"yoast_head":"<!-- This site is optimized with the Yoast SEO plugin v21.1 - https:\/\/yoast.com\/wordpress\/plugins\/seo\/ -->\n<title>Financiaci\u00f3n - Matar\u00f3 Empresa<\/title>\n<meta name=\"robots\" content=\"index, follow, max-snippet:-1, max-image-preview:large, max-video-preview:-1\" \/>\n<link rel=\"canonical\" href=\"https:\/\/www.mataroempresa.cat\/es\/financiacion\/\" \/>\n<meta property=\"og:locale\" content=\"es_ES\" \/>\n<meta property=\"og:type\" content=\"article\" \/>\n<meta property=\"og:title\" content=\"Financiaci\u00f3n - Matar\u00f3 Empresa\" \/>\n<meta property=\"og:url\" content=\"https:\/\/www.mataroempresa.cat\/es\/financiacion\/\" \/>\n<meta property=\"og:site_name\" content=\"Matar\u00f3 Empresa\" \/>\n<meta property=\"article:modified_time\" content=\"2021-07-09T08:26:54+00:00\" \/>\n<meta name=\"twitter:card\" content=\"summary_large_image\" \/>\n<meta name=\"twitter:label1\" content=\"Tiempo de lectura\" \/>\n\t<meta name=\"twitter:data1\" content=\"1 minute\" \/>\n<script type=\"application\/ld+json\" class=\"yoast-schema-graph\">{\"@context\":\"https:\/\/schema.org\",\"@graph\":[{\"@type\":\"WebPage\",\"@id\":\"https:\/\/www.mataroempresa.cat\/es\/financiacion\/\",\"url\":\"https:\/\/www.mataroempresa.cat\/es\/financiacion\/\",\"name\":\"Financiaci\u00f3n - Matar\u00f3 Empresa\",\"isPartOf\":{\"@id\":\"https:\/\/www.mataroempresa.cat\/es\/#website\"},\"datePublished\":\"2015-01-12T11:15:04+00:00\",\"dateModified\":\"2021-07-09T08:26:54+00:00\",\"breadcrumb\":{\"@id\":\"https:\/\/www.mataroempresa.cat\/es\/financiacion\/#breadcrumb\"},\"inLanguage\":\"es-ES\",\"potentialAction\":[{\"@type\":\"ReadAction\",\"target\":[\"https:\/\/www.mataroempresa.cat\/es\/financiacion\/\"]}]},{\"@type\":\"BreadcrumbList\",\"@id\":\"https:\/\/www.mataroempresa.cat\/es\/financiacion\/#breadcrumb\",\"itemListElement\":[{\"@type\":\"ListItem\",\"position\":1,\"name\":\"Inici\",\"item\":\"https:\/\/www.mataroempresa.cat\/es\/\"},{\"@type\":\"ListItem\",\"position\":2,\"name\":\"Financiaci\u00f3n\"}]},{\"@type\":\"WebSite\",\"@id\":\"https:\/\/www.mataroempresa.cat\/es\/#website\",\"url\":\"https:\/\/www.mataroempresa.cat\/es\/\",\"name\":\"Matar\u00f3 Empresa\",\"description\":\"Matar\u00f3 Empresa\",\"potentialAction\":[{\"@type\":\"SearchAction\",\"target\":{\"@type\":\"EntryPoint\",\"urlTemplate\":\"https:\/\/www.mataroempresa.cat\/es\/?s={search_term_string}\"},\"query-input\":\"required name=search_term_string\"}],\"inLanguage\":\"es-ES\"}]}<\/script>\n<!-- \/ Yoast SEO plugin. -->","yoast_head_json":{"title":"Financiaci\u00f3n - Matar\u00f3 Empresa","robots":{"index":"index","follow":"follow","max-snippet":"max-snippet:-1","max-image-preview":"max-image-preview:large","max-video-preview":"max-video-preview:-1"},"canonical":"https:\/\/www.mataroempresa.cat\/es\/financiacion\/","og_locale":"es_ES","og_type":"article","og_title":"Financiaci\u00f3n - Matar\u00f3 Empresa","og_url":"https:\/\/www.mataroempresa.cat\/es\/financiacion\/","og_site_name":"Matar\u00f3 Empresa","article_modified_time":"2021-07-09T08:26:54+00:00","twitter_card":"summary_large_image","twitter_misc":{"Tiempo de lectura":"1 minute"},"schema":{"@context":"https:\/\/schema.org","@graph":[{"@type":"WebPage","@id":"https:\/\/www.mataroempresa.cat\/es\/financiacion\/","url":"https:\/\/www.mataroempresa.cat\/es\/financiacion\/","name":"Financiaci\u00f3n - Matar\u00f3 Empresa","isPartOf":{"@id":"https:\/\/www.mataroempresa.cat\/es\/#website"},"datePublished":"2015-01-12T11:15:04+00:00","dateModified":"2021-07-09T08:26:54+00:00","breadcrumb":{"@id":"https:\/\/www.mataroempresa.cat\/es\/financiacion\/#breadcrumb"},"inLanguage":"es-ES","potentialAction":[{"@type":"ReadAction","target":["https:\/\/www.mataroempresa.cat\/es\/financiacion\/"]}]},{"@type":"BreadcrumbList","@id":"https:\/\/www.mataroempresa.cat\/es\/financiacion\/#breadcrumb","itemListElement":[{"@type":"ListItem","position":1,"name":"Inici","item":"https:\/\/www.mataroempresa.cat\/es\/"},{"@type":"ListItem","position":2,"name":"Financiaci\u00f3n"}]},{"@type":"WebSite","@id":"https:\/\/www.mataroempresa.cat\/es\/#website","url":"https:\/\/www.mataroempresa.cat\/es\/","name":"Matar\u00f3 Empresa","description":"Matar\u00f3 Empresa","potentialAction":[{"@type":"SearchAction","target":{"@type":"EntryPoint","urlTemplate":"https:\/\/www.mataroempresa.cat\/es\/?s={search_term_string}"},"query-input":"required name=search_term_string"}],"inLanguage":"es-ES"}]}},"_links":{"self":[{"href":"https:\/\/www.mataroempresa.cat\/es\/wp-json\/wp\/v2\/pages\/1874"}],"collection":[{"href":"https:\/\/www.mataroempresa.cat\/es\/wp-json\/wp\/v2\/pages"}],"about":[{"href":"https:\/\/www.mataroempresa.cat\/es\/wp-json\/wp\/v2\/types\/page"}],"author":[{"embeddable":true,"href":"https:\/\/www.mataroempresa.cat\/es\/wp-json\/wp\/v2\/users\/7"}],"replies":[{"embeddable":true,"href":"https:\/\/www.mataroempresa.cat\/es\/wp-json\/wp\/v2\/comments?post=1874"}],"version-history":[{"count":10,"href":"https:\/\/www.mataroempresa.cat\/es\/wp-json\/wp\/v2\/pages\/1874\/revisions"}],"predecessor-version":[{"id":3995,"href":"https:\/\/www.mataroempresa.cat\/es\/wp-json\/wp\/v2\/pages\/1874\/revisions\/3995"}],"wp:attachment":[{"href":"https:\/\/www.mataroempresa.cat\/es\/wp-json\/wp\/v2\/media?parent=1874"}],"curies":[{"name":"wp","href":"https:\/\/api.w.org\/{rel}","templated":true}]}}