{"id":1882,"date":"2015-01-12T11:35:22","date_gmt":"2015-01-12T11:35:22","guid":{"rendered":"http:\/\/www.mataroempresa.cat\/?page_id=1882"},"modified":"2021-07-09T08:29:12","modified_gmt":"2021-07-09T08:29:12","slug":"localizacion-del-negocio","status":"publish","type":"page","link":"https:\/\/www.mataroempresa.cat\/es\/empieza\/localizacion-del-negocio\/","title":{"rendered":"Localizaci\u00f3n del negocio"},"content":{"rendered":"<section class=\"cs-section\"><div class=\"container\"><div class=\"row\"><div class=\"col-md-12\"><div class=\"cs-column-text\"><div style=\"\" class=\"parentlayerslidercont\">\n<div data-slider_options=\"{&quot;width&quot;:&quot;848&quot;,&quot;height&quot;:&quot;250&quot;,&quot;autoplay_delay&quot;:&quot;6000&quot;,&quot;slide_bgcolor&quot;:&quot;#fff&quot;,&quot;slide_order&quot;:&quot;seq&quot;,&quot;slide_animation&quot;:&quot;fade&quot;,&quot;slider_shadow&quot;:&quot;1&quot;,&quot;arrow_color&quot;:&quot;#fff&quot;,&quot;arrow_size&quot;:1,&quot;thumbnails_position&quot;:&quot;bottom&quot;,&quot;dots_color&quot;:&quot;#000&quot;,&quot;dots_border_color&quot;:&quot;#000&quot;,&quot;dots_size&quot;:10,&quot;dots_position&quot;:&quot;bottom&quot;,&quot;selected_thumb_border_color&quot;:&quot;#000&quot;,&quot;slider_border_color&quot;:&quot;#fff&quot;,&quot;custom_css&quot;:&quot;&quot;,&quot;is_responsive&quot;:true,&quot;auto_start&quot;:false,&quot;pause_on_mouse_over&quot;:false,&quot;autoplay_vid&quot;:false,&quot;pause_slideshow_vid&quot;:true,&quot;full_width&quot;:false,&quot;thumbnails&quot;:false,&quot;thumbnails_arrow&quot;:false,&quot;full_screen&quot;:false,&quot;is_text_responsive&quot;:false,&quot;nav_arrows&quot;:false,&quot;nav_dots&quot;:false,&quot;is_slider_border_color&quot;:false,&quot;lazy_load&quot;:false,&quot;slider_order&quot;:&quot;seq&quot;}\" class=\"slider-pro wprlslayerslider\" id=\"slider3963\" data-sliderid=\"3963\" data-iwidth=\"848\" data-iheight=\"250\">\n    <div class=\"sp-slides\">\n    \t                <div class=\"sp-slide sp-slide0\" data-slideid=\"39631\" data-slideduration=\"1000\" data-animation=\"fade\">\n\n                        \n                        \n            <img class=\"sp-image\" alt=\"\" src=\"http:\/\/www.mataroempresa.cat\/wp-content\/uploads\/2014\/11\/comenca-el-teu-negoci-02.jpg\" \/>\n            \n            \n                        \n                               \n            <\/div>\n    \t    \n<\/div>\n<\/div>\n<\/div> <!-- end slider -->\n<!-- CUSTOM CSS -->\n<style><\/style>\n<!-- END CUSTOM CSS --><hr class=\"cs-space\" style=\"margin-top:40px\"><\/p>\n<\/div><\/div><\/div><\/div><\/section><section class=\"cs-section\"><div class=\"container\"><div class=\"row\"><div class=\"col-md-3\"><div class=\"cs-column-text\"><div class=\"page-sidebar sidebar-left\"><aside id=\"sidebar\"><div class=\"route_widget widget_nav_menu\"><div class=\"menu-comenca-cast-container\"><ul id=\"menu-comenca-cast\" class=\"menu\"><li id=\"menu-item-2122\" class=\"menu-item menu-item-type-custom menu-item-object-custom menu-item-2122\"><a href=\"http:\/\/www.mataroempresa.cat\/es\/que-quereis-hacer\/empieza\/\">Obligaciones legales a tener en cuenta<\/a><\/li>\n<li id=\"menu-item-2120\" class=\"menu-item menu-item-type-post_type menu-item-object-page menu-item-2120\"><a href=\"https:\/\/www.mataroempresa.cat\/es\/empieza\/localizacion-del-negocio\/\">Localizaci\u00f3n del negocio<\/a><\/li>\n<li id=\"menu-item-2119\" class=\"menu-item menu-item-type-post_type menu-item-object-page menu-item-2119\"><a href=\"https:\/\/www.mataroempresa.cat\/es\/empieza\/financiacion\/\">Financiaci\u00f3n<\/a><\/li>\n<li id=\"menu-item-2117\" class=\"menu-item menu-item-type-post_type menu-item-object-page menu-item-2117\"><a href=\"https:\/\/www.mataroempresa.cat\/es\/empieza\/bolsa-trabajo-y-practicas\/\">Bolsa de trabajo y pr\u00e1ticas<\/a><\/li>\n<li id=\"menu-item-2118\" class=\"menu-item menu-item-type-post_type menu-item-object-page menu-item-2118\"><a href=\"https:\/\/www.mataroempresa.cat\/es\/empieza\/concursos-y-licitaciones-publicas\/\">Oportunidades de negocio en concursos y licitaciones p\u00fablicas<\/a><\/li>\n<li id=\"menu-item-2121\" class=\"menu-item menu-item-type-post_type menu-item-object-page menu-item-2121\"><a href=\"https:\/\/www.mataroempresa.cat\/es\/empieza\/otras-gestiones\/\">Otras gestiones<\/a><\/li>\n<\/ul><\/div><\/div><\/aside><\/div>\n<\/div><\/div><div class=\"col-md-9\"><div class=\"cs-column-text\"><h3><span style=\"color: #009ee0;\">Localizaci\u00f3n del negocio<br \/>\n<\/span><\/h3>\n<p>La localizaci\u00f3n geogr\u00e1fica de la empresa es una decisi\u00f3n de tipo estrat\u00e9gico, importante para la viabilidad de la misma.<\/p>\n<p>La b\u00fasqueda de un espacio para ubicar el negocio requiere poder disponer del conjunto de informaci\u00f3n adecuada, con clara descripci\u00f3n y informaci\u00f3n relativa a la oferta de espacios de uso empresarial.<\/p>\n<\/div><div class=\"cs-column-text\"><h4><span style=\"color: #009ee0;\">Ubicarse en el\u00a0\u00a0TECNOCAMPUS<\/span><\/h4>\n<p>Si quieres crear una <strong>empresa de base tecnol\u00f3gica o con una fuerte componente innovadora , <a href=\"http:\/\/www.tecnocampus.cat\/es\/incubadora\" target=\"_blank\" rel=\"noopener\">la incubadora<\/a> del Tecnocampus se tu ubicaci\u00f3n<\/strong>. La incubadora es una plataforma dise\u00f1ada para acoger nuevos proyectos empresariales, que ofrece una moderna infraestructura plug &amp; play y un cat\u00e1logo de servicios de valor a\u00f1adido para ayudar a convertir los proyectos en empresas consolidadas y competitivas.<\/p>\n<\/div><div class=\"cs-column-text\"><p>El <strong>Tecnocampus dispone tambi\u00e9n de <a href=\"http:\/\/www.tecnocampus.cat\/ca\/empresa\/oficines-espais-lloguer\" target=\"_blank\" rel=\"noopener\">oficinas de alquiler<\/a> <\/strong>en un entorno donde las empresas, Universidad y la Tecnolog\u00eda se dan la mano.<\/p>\n<\/div><div class=\"cs-column-text\"><h4><strong><span style=\"color: #009ee0;\">Te ayudamos a buscar la mejor ubicaci\u00f3n para tu negocio en la ciudad<\/span><\/strong><\/h4>\n<p>Ponemos a tu alcance un servicio de investigaci\u00f3n de espacios para desarrollar tu negocio: naves industriales, solares, locales comerciales&#8230;.<\/p>\n<p>Expl\u00edcanos qu\u00e9 necesitas y lo buscamos..<\/p>\n<\/div><\/div><\/div><\/div><\/section><section class=\"cs-section\"><div class=\"container\"><div class=\"row\"><div class=\"col-md-12\"><div class=\"cs-column-text\"><hr class=\"cs-space\" style=\"margin-top:50px\">\n<\/div><\/div><\/div><\/div><\/section>\n","protected":false},"excerpt":{"rendered":"<p><span class=\"entry-read-more\"><a href=\"https:\/\/www.mataroempresa.cat\/es\/empieza\/localizacion-del-negocio\/\" class=\"cs-btn cs-btn-flat cs-btn-rounded cs-btn-xxs cs-btn-flat-accent\">Leer m\u00e1s<\/a><\/span><\/p>\n","protected":false},"author":7,"featured_media":0,"parent":1878,"menu_order":0,"comment_status":"closed","ping_status":"closed","template":"","meta":{"footnotes":""},"yoast_head":"<!-- This site is optimized with the Yoast SEO plugin v21.1 - https:\/\/yoast.com\/wordpress\/plugins\/seo\/ -->\n<title>Localizaci\u00f3n del negocio - Matar\u00f3 Empresa<\/title>\n<meta name=\"robots\" content=\"index, follow, max-snippet:-1, max-image-preview:large, max-video-preview:-1\" \/>\n<link rel=\"canonical\" href=\"https:\/\/www.mataroempresa.cat\/es\/empieza\/localizacion-del-negocio\/\" \/>\n<meta property=\"og:locale\" content=\"es_ES\" \/>\n<meta property=\"og:type\" content=\"article\" \/>\n<meta property=\"og:title\" content=\"Localizaci\u00f3n del negocio - Matar\u00f3 Empresa\" \/>\n<meta property=\"og:url\" content=\"https:\/\/www.mataroempresa.cat\/es\/empieza\/localizacion-del-negocio\/\" \/>\n<meta property=\"og:site_name\" content=\"Matar\u00f3 Empresa\" \/>\n<meta property=\"article:modified_time\" content=\"2021-07-09T08:29:12+00:00\" \/>\n<meta name=\"twitter:card\" content=\"summary_large_image\" \/>\n<meta name=\"twitter:label1\" content=\"Tiempo de lectura\" \/>\n\t<meta name=\"twitter:data1\" content=\"1 minute\" \/>\n<script type=\"application\/ld+json\" class=\"yoast-schema-graph\">{\"@context\":\"https:\/\/schema.org\",\"@graph\":[{\"@type\":\"WebPage\",\"@id\":\"https:\/\/www.mataroempresa.cat\/es\/empieza\/localizacion-del-negocio\/\",\"url\":\"https:\/\/www.mataroempresa.cat\/es\/empieza\/localizacion-del-negocio\/\",\"name\":\"Localizaci\u00f3n del negocio - Matar\u00f3 Empresa\",\"isPartOf\":{\"@id\":\"https:\/\/www.mataroempresa.cat\/es\/#website\"},\"datePublished\":\"2015-01-12T11:35:22+00:00\",\"dateModified\":\"2021-07-09T08:29:12+00:00\",\"breadcrumb\":{\"@id\":\"https:\/\/www.mataroempresa.cat\/es\/empieza\/localizacion-del-negocio\/#breadcrumb\"},\"inLanguage\":\"es-ES\",\"potentialAction\":[{\"@type\":\"ReadAction\",\"target\":[\"https:\/\/www.mataroempresa.cat\/es\/empieza\/localizacion-del-negocio\/\"]}]},{\"@type\":\"BreadcrumbList\",\"@id\":\"https:\/\/www.mataroempresa.cat\/es\/empieza\/localizacion-del-negocio\/#breadcrumb\",\"itemListElement\":[{\"@type\":\"ListItem\",\"position\":1,\"name\":\"Inici\",\"item\":\"https:\/\/www.mataroempresa.cat\/es\/\"},{\"@type\":\"ListItem\",\"position\":2,\"name\":\"Empieza\",\"item\":\"https:\/\/www.mataroempresa.cat\/es\/empieza\/\"},{\"@type\":\"ListItem\",\"position\":3,\"name\":\"Localizaci\u00f3n del negocio\"}]},{\"@type\":\"WebSite\",\"@id\":\"https:\/\/www.mataroempresa.cat\/es\/#website\",\"url\":\"https:\/\/www.mataroempresa.cat\/es\/\",\"name\":\"Matar\u00f3 Empresa\",\"description\":\"Matar\u00f3 Empresa\",\"potentialAction\":[{\"@type\":\"SearchAction\",\"target\":{\"@type\":\"EntryPoint\",\"urlTemplate\":\"https:\/\/www.mataroempresa.cat\/es\/?s={search_term_string}\"},\"query-input\":\"required name=search_term_string\"}],\"inLanguage\":\"es-ES\"}]}<\/script>\n<!-- \/ Yoast SEO plugin. -->","yoast_head_json":{"title":"Localizaci\u00f3n del negocio - Matar\u00f3 Empresa","robots":{"index":"index","follow":"follow","max-snippet":"max-snippet:-1","max-image-preview":"max-image-preview:large","max-video-preview":"max-video-preview:-1"},"canonical":"https:\/\/www.mataroempresa.cat\/es\/empieza\/localizacion-del-negocio\/","og_locale":"es_ES","og_type":"article","og_title":"Localizaci\u00f3n del negocio - Matar\u00f3 Empresa","og_url":"https:\/\/www.mataroempresa.cat\/es\/empieza\/localizacion-del-negocio\/","og_site_name":"Matar\u00f3 Empresa","article_modified_time":"2021-07-09T08:29:12+00:00","twitter_card":"summary_large_image","twitter_misc":{"Tiempo de lectura":"1 minute"},"schema":{"@context":"https:\/\/schema.org","@graph":[{"@type":"WebPage","@id":"https:\/\/www.mataroempresa.cat\/es\/empieza\/localizacion-del-negocio\/","url":"https:\/\/www.mataroempresa.cat\/es\/empieza\/localizacion-del-negocio\/","name":"Localizaci\u00f3n del negocio - Matar\u00f3 Empresa","isPartOf":{"@id":"https:\/\/www.mataroempresa.cat\/es\/#website"},"datePublished":"2015-01-12T11:35:22+00:00","dateModified":"2021-07-09T08:29:12+00:00","breadcrumb":{"@id":"https:\/\/www.mataroempresa.cat\/es\/empieza\/localizacion-del-negocio\/#breadcrumb"},"inLanguage":"es-ES","potentialAction":[{"@type":"ReadAction","target":["https:\/\/www.mataroempresa.cat\/es\/empieza\/localizacion-del-negocio\/"]}]},{"@type":"BreadcrumbList","@id":"https:\/\/www.mataroempresa.cat\/es\/empieza\/localizacion-del-negocio\/#breadcrumb","itemListElement":[{"@type":"ListItem","position":1,"name":"Inici","item":"https:\/\/www.mataroempresa.cat\/es\/"},{"@type":"ListItem","position":2,"name":"Empieza","item":"https:\/\/www.mataroempresa.cat\/es\/empieza\/"},{"@type":"ListItem","position":3,"name":"Localizaci\u00f3n del negocio"}]},{"@type":"WebSite","@id":"https:\/\/www.mataroempresa.cat\/es\/#website","url":"https:\/\/www.mataroempresa.cat\/es\/","name":"Matar\u00f3 Empresa","description":"Matar\u00f3 Empresa","potentialAction":[{"@type":"SearchAction","target":{"@type":"EntryPoint","urlTemplate":"https:\/\/www.mataroempresa.cat\/es\/?s={search_term_string}"},"query-input":"required name=search_term_string"}],"inLanguage":"es-ES"}]}},"_links":{"self":[{"href":"https:\/\/www.mataroempresa.cat\/es\/wp-json\/wp\/v2\/pages\/1882"}],"collection":[{"href":"https:\/\/www.mataroempresa.cat\/es\/wp-json\/wp\/v2\/pages"}],"about":[{"href":"https:\/\/www.mataroempresa.cat\/es\/wp-json\/wp\/v2\/types\/page"}],"author":[{"embeddable":true,"href":"https:\/\/www.mataroempresa.cat\/es\/wp-json\/wp\/v2\/users\/7"}],"replies":[{"embeddable":true,"href":"https:\/\/www.mataroempresa.cat\/es\/wp-json\/wp\/v2\/comments?post=1882"}],"version-history":[{"count":13,"href":"https:\/\/www.mataroempresa.cat\/es\/wp-json\/wp\/v2\/pages\/1882\/revisions"}],"predecessor-version":[{"id":3997,"href":"https:\/\/www.mataroempresa.cat\/es\/wp-json\/wp\/v2\/pages\/1882\/revisions\/3997"}],"up":[{"embeddable":true,"href":"https:\/\/www.mataroempresa.cat\/es\/wp-json\/wp\/v2\/pages\/1878"}],"wp:attachment":[{"href":"https:\/\/www.mataroempresa.cat\/es\/wp-json\/wp\/v2\/media?parent=1882"}],"curies":[{"name":"wp","href":"https:\/\/api.w.org\/{rel}","templated":true}]}}