{"id":1884,"date":"2015-01-13T07:37:43","date_gmt":"2015-01-13T07:37:43","guid":{"rendered":"http:\/\/www.mataroempresa.cat\/?page_id=1884"},"modified":"2021-07-09T08:29:29","modified_gmt":"2021-07-09T08:29:29","slug":"financiacion","status":"publish","type":"page","link":"https:\/\/www.mataroempresa.cat\/es\/empieza\/financiacion\/","title":{"rendered":"Financiaci\u00f3n"},"content":{"rendered":"<section class=\"cs-section\"><div class=\"container\"><div class=\"row\"><div class=\"col-md-12\"><div class=\"cs-column-text\"><div style=\"\" class=\"parentlayerslidercont\">\n<div data-slider_options=\"{&quot;width&quot;:&quot;848&quot;,&quot;height&quot;:&quot;250&quot;,&quot;autoplay_delay&quot;:&quot;6000&quot;,&quot;slide_bgcolor&quot;:&quot;#fff&quot;,&quot;slide_order&quot;:&quot;seq&quot;,&quot;slide_animation&quot;:&quot;fade&quot;,&quot;slider_shadow&quot;:&quot;1&quot;,&quot;arrow_color&quot;:&quot;#fff&quot;,&quot;arrow_size&quot;:1,&quot;thumbnails_position&quot;:&quot;bottom&quot;,&quot;dots_color&quot;:&quot;#000&quot;,&quot;dots_border_color&quot;:&quot;#000&quot;,&quot;dots_size&quot;:10,&quot;dots_position&quot;:&quot;bottom&quot;,&quot;selected_thumb_border_color&quot;:&quot;#000&quot;,&quot;slider_border_color&quot;:&quot;#fff&quot;,&quot;custom_css&quot;:&quot;&quot;,&quot;is_responsive&quot;:true,&quot;auto_start&quot;:false,&quot;pause_on_mouse_over&quot;:false,&quot;autoplay_vid&quot;:false,&quot;pause_slideshow_vid&quot;:true,&quot;full_width&quot;:false,&quot;thumbnails&quot;:false,&quot;thumbnails_arrow&quot;:false,&quot;full_screen&quot;:false,&quot;is_text_responsive&quot;:false,&quot;nav_arrows&quot;:false,&quot;nav_dots&quot;:false,&quot;is_slider_border_color&quot;:false,&quot;lazy_load&quot;:false,&quot;slider_order&quot;:&quot;seq&quot;}\" class=\"slider-pro wprlslayerslider\" id=\"slider3963\" data-sliderid=\"3963\" data-iwidth=\"848\" data-iheight=\"250\">\n    <div class=\"sp-slides\">\n    \t                <div class=\"sp-slide sp-slide0\" data-slideid=\"39631\" data-slideduration=\"1000\" data-animation=\"fade\">\n\n                        \n                        \n            <img class=\"sp-image\" alt=\"\" src=\"http:\/\/www.mataroempresa.cat\/wp-content\/uploads\/2014\/11\/comenca-el-teu-negoci-02.jpg\" \/>\n            \n            \n                        \n                               \n            <\/div>\n    \t    \n<\/div>\n<\/div>\n<\/div> <!-- end slider -->\n<!-- CUSTOM CSS -->\n<style><\/style>\n<!-- END CUSTOM CSS --><hr class=\"cs-space\" style=\"margin-top:40px\"><\/p>\n<\/div><\/div><\/div><\/div><\/section><section class=\"cs-section\"><div class=\"container\"><div class=\"row\"><div class=\"col-md-3\"><div class=\"cs-column-text\"><div class=\"page-sidebar sidebar-left\"><aside id=\"sidebar\"><div class=\"route_widget widget_nav_menu\"><div class=\"menu-comenca-cast-container\"><ul id=\"menu-comenca-cast\" class=\"menu\"><li id=\"menu-item-2122\" class=\"menu-item menu-item-type-custom menu-item-object-custom menu-item-2122\"><a href=\"http:\/\/www.mataroempresa.cat\/es\/que-quereis-hacer\/empieza\/\">Obligaciones legales a tener en cuenta<\/a><\/li>\n<li id=\"menu-item-2120\" class=\"menu-item menu-item-type-post_type menu-item-object-page menu-item-2120\"><a href=\"https:\/\/www.mataroempresa.cat\/es\/empieza\/localizacion-del-negocio\/\">Localizaci\u00f3n del negocio<\/a><\/li>\n<li id=\"menu-item-2119\" class=\"menu-item menu-item-type-post_type menu-item-object-page menu-item-2119\"><a href=\"https:\/\/www.mataroempresa.cat\/es\/empieza\/financiacion\/\">Financiaci\u00f3n<\/a><\/li>\n<li id=\"menu-item-2117\" class=\"menu-item menu-item-type-post_type menu-item-object-page menu-item-2117\"><a href=\"https:\/\/www.mataroempresa.cat\/es\/empieza\/bolsa-trabajo-y-practicas\/\">Bolsa de trabajo y pr\u00e1ticas<\/a><\/li>\n<li id=\"menu-item-2118\" class=\"menu-item menu-item-type-post_type menu-item-object-page menu-item-2118\"><a href=\"https:\/\/www.mataroempresa.cat\/es\/empieza\/concursos-y-licitaciones-publicas\/\">Oportunidades de negocio en concursos y licitaciones p\u00fablicas<\/a><\/li>\n<li id=\"menu-item-2121\" class=\"menu-item menu-item-type-post_type menu-item-object-page menu-item-2121\"><a href=\"https:\/\/www.mataroempresa.cat\/es\/empieza\/otras-gestiones\/\">Otras gestiones<\/a><\/li>\n<\/ul><\/div><\/div><\/aside><\/div>\n<\/div><\/div><div class=\"col-md-9\"><div class=\"cs-column-text\"><h3><span style=\"color: #009ee0;\">Financiaci\u00f3n<\/span><\/h3>\n<p>Te ofrecemos las siguientes herramientas de financiaci\u00f3n y incentivos para el fomento de la actividad econ\u00f3mica:<\/p>\n<ul class=\"cs-icon-list\"><li><i class=\"cs-in fa fa-check\"><\/i><a title=\"bonificacions\" href=\"https:\/\/serveisweb.mataro.cat\/tramits\/public\/ovac\/detallTramit.do?path=\/ca\/Ajuntament\/Aciutadana\/tramits\/detall\/Ajuts_per_al_foment_de_lactivitat_economica_Bonificacions_de_la_taxa_per_obertura_dactivitat_per_persones_en_atur.html#no-back-button\" target=\"_blank\" rel=\"noopener\">Bonificaciones de la tasa para apertura de actividad para personas en paro<\/a><\/li><li><i class=\"cs-in fa fa-check\"><\/i><a title=\"bonificacions de tributs\" href=\"https:\/\/serveisweb.mataro.cat\/tramits\/public\/ovac\/detallTramit.do?path=\/ca\/Ajuntament\/Aciutadana\/tramits\/detall\/Ajuts_per_al_foment_de_lactivitat_economica_Bonificacions_de_tributs.html#no-back-button\" target=\"_blank\" rel=\"noopener\">Bonificaciones de tributos<\/a><\/li><li><i class=\"cs-in fa fa-check\"><\/i><a href=\"https:\/\/www.tecnocampus.cat\/es\/emprendimiento\/premios-creatic\" target=\"_blank\" rel=\"noopener\">Premios Creatic<\/a><\/li><li><i class=\"cs-in fa fa-check\"><\/i><a href=\"https:\/\/www.tecnocampus.cat\/es\/servicios-financiacion\/financiacion-pre-seed\" target=\"_blank\" rel=\"noopener\">Financiaci\u00f3n Pre-Seed<\/a><\/li><li><i class=\"cs-in fa fa-check\"><\/i><a href=\"https:\/\/www.tecnocampus.cat\/es\/jornadas-financiacion\" target=\"_blank\" rel=\"noopener\">Jornadas de financiaci\u00f3n<\/a><\/li><li><i class=\"cs-in fa fa-check\"><\/i><a href=\"http:\/\/www.mataro.cat\/document_sense_menus.php?id=14411&amp;mid=298&amp;all\" target=\"_blank\" rel=\"noopener\">Bolet\u00edn de subvenciones<\/a><\/li><\/ul>\n<p>Existen diferentes portales de investigaci\u00f3n de otros organismos que te pueden ayudar a encontrar financiamiento:<\/p>\n<ul>\n<li><a title=\"FINEMPRESA\" href=\"http:\/\/www.gencat.cat\/finempresa\/\" target=\"_blank\" rel=\"noopener\"><strong>FINEMPRESA<\/strong><\/a>\u00a0(Portal de financiaci\u00f3n para empresas y emprendedores, promovido y coordinado por la Secretar\u00eda de Econom\u00eda del Departamento de Econom\u00eda y Finanzas de la Generalitat de Catalu\u00f1a)<\/li>\n<li><a title=\"FISUB\" href=\"http:\/\/www.acc10.cat\/ACC1O\/cat\/ajuts-financament\/ajuts-entitats-FISUB\/\" target=\"_blank\" rel=\"noopener\"><strong>FISUB<\/strong><\/a>\u00a0(Base de datos de ayudas y subvenciones, promovido y coordinado por\u00a0ACC1\u00d3)<\/li>\n<\/ul>\n<\/div><\/div><\/div><\/div><\/section><section class=\"cs-section\"><div class=\"container\"><div class=\"row\"><div class=\"col-md-12\"><div class=\"cs-column-text\"><hr class=\"cs-space\" style=\"margin-top:50px\">\n<\/div><\/div><\/div><\/div><\/section>\n","protected":false},"excerpt":{"rendered":"<p><span class=\"entry-read-more\"><a href=\"https:\/\/www.mataroempresa.cat\/es\/empieza\/financiacion\/\" class=\"cs-btn cs-btn-flat cs-btn-rounded cs-btn-xxs cs-btn-flat-accent\">Leer m\u00e1s<\/a><\/span><\/p>\n","protected":false},"author":7,"featured_media":0,"parent":1878,"menu_order":0,"comment_status":"closed","ping_status":"closed","template":"","meta":{"footnotes":""},"yoast_head":"<!-- This site is optimized with the Yoast SEO plugin v21.1 - https:\/\/yoast.com\/wordpress\/plugins\/seo\/ -->\n<title>Financiaci\u00f3n - Matar\u00f3 Empresa<\/title>\n<meta name=\"robots\" content=\"index, follow, max-snippet:-1, max-image-preview:large, max-video-preview:-1\" \/>\n<link rel=\"canonical\" href=\"https:\/\/www.mataroempresa.cat\/es\/empieza\/financiacion\/\" \/>\n<meta property=\"og:locale\" content=\"es_ES\" \/>\n<meta property=\"og:type\" content=\"article\" \/>\n<meta property=\"og:title\" content=\"Financiaci\u00f3n - Matar\u00f3 Empresa\" \/>\n<meta property=\"og:url\" content=\"https:\/\/www.mataroempresa.cat\/es\/empieza\/financiacion\/\" \/>\n<meta property=\"og:site_name\" content=\"Matar\u00f3 Empresa\" \/>\n<meta property=\"article:modified_time\" content=\"2021-07-09T08:29:29+00:00\" \/>\n<meta name=\"twitter:card\" content=\"summary_large_image\" \/>\n<meta name=\"twitter:label1\" content=\"Tiempo de lectura\" \/>\n\t<meta name=\"twitter:data1\" content=\"1 minute\" \/>\n<script type=\"application\/ld+json\" class=\"yoast-schema-graph\">{\"@context\":\"https:\/\/schema.org\",\"@graph\":[{\"@type\":\"WebPage\",\"@id\":\"https:\/\/www.mataroempresa.cat\/es\/empieza\/financiacion\/\",\"url\":\"https:\/\/www.mataroempresa.cat\/es\/empieza\/financiacion\/\",\"name\":\"Financiaci\u00f3n - Matar\u00f3 Empresa\",\"isPartOf\":{\"@id\":\"https:\/\/www.mataroempresa.cat\/es\/#website\"},\"datePublished\":\"2015-01-13T07:37:43+00:00\",\"dateModified\":\"2021-07-09T08:29:29+00:00\",\"breadcrumb\":{\"@id\":\"https:\/\/www.mataroempresa.cat\/es\/empieza\/financiacion\/#breadcrumb\"},\"inLanguage\":\"es-ES\",\"potentialAction\":[{\"@type\":\"ReadAction\",\"target\":[\"https:\/\/www.mataroempresa.cat\/es\/empieza\/financiacion\/\"]}]},{\"@type\":\"BreadcrumbList\",\"@id\":\"https:\/\/www.mataroempresa.cat\/es\/empieza\/financiacion\/#breadcrumb\",\"itemListElement\":[{\"@type\":\"ListItem\",\"position\":1,\"name\":\"Inici\",\"item\":\"https:\/\/www.mataroempresa.cat\/es\/\"},{\"@type\":\"ListItem\",\"position\":2,\"name\":\"Empieza\",\"item\":\"https:\/\/www.mataroempresa.cat\/es\/empieza\/\"},{\"@type\":\"ListItem\",\"position\":3,\"name\":\"Financiaci\u00f3n\"}]},{\"@type\":\"WebSite\",\"@id\":\"https:\/\/www.mataroempresa.cat\/es\/#website\",\"url\":\"https:\/\/www.mataroempresa.cat\/es\/\",\"name\":\"Matar\u00f3 Empresa\",\"description\":\"Matar\u00f3 Empresa\",\"potentialAction\":[{\"@type\":\"SearchAction\",\"target\":{\"@type\":\"EntryPoint\",\"urlTemplate\":\"https:\/\/www.mataroempresa.cat\/es\/?s={search_term_string}\"},\"query-input\":\"required name=search_term_string\"}],\"inLanguage\":\"es-ES\"}]}<\/script>\n<!-- \/ Yoast SEO plugin. -->","yoast_head_json":{"title":"Financiaci\u00f3n - Matar\u00f3 Empresa","robots":{"index":"index","follow":"follow","max-snippet":"max-snippet:-1","max-image-preview":"max-image-preview:large","max-video-preview":"max-video-preview:-1"},"canonical":"https:\/\/www.mataroempresa.cat\/es\/empieza\/financiacion\/","og_locale":"es_ES","og_type":"article","og_title":"Financiaci\u00f3n - Matar\u00f3 Empresa","og_url":"https:\/\/www.mataroempresa.cat\/es\/empieza\/financiacion\/","og_site_name":"Matar\u00f3 Empresa","article_modified_time":"2021-07-09T08:29:29+00:00","twitter_card":"summary_large_image","twitter_misc":{"Tiempo de lectura":"1 minute"},"schema":{"@context":"https:\/\/schema.org","@graph":[{"@type":"WebPage","@id":"https:\/\/www.mataroempresa.cat\/es\/empieza\/financiacion\/","url":"https:\/\/www.mataroempresa.cat\/es\/empieza\/financiacion\/","name":"Financiaci\u00f3n - Matar\u00f3 Empresa","isPartOf":{"@id":"https:\/\/www.mataroempresa.cat\/es\/#website"},"datePublished":"2015-01-13T07:37:43+00:00","dateModified":"2021-07-09T08:29:29+00:00","breadcrumb":{"@id":"https:\/\/www.mataroempresa.cat\/es\/empieza\/financiacion\/#breadcrumb"},"inLanguage":"es-ES","potentialAction":[{"@type":"ReadAction","target":["https:\/\/www.mataroempresa.cat\/es\/empieza\/financiacion\/"]}]},{"@type":"BreadcrumbList","@id":"https:\/\/www.mataroempresa.cat\/es\/empieza\/financiacion\/#breadcrumb","itemListElement":[{"@type":"ListItem","position":1,"name":"Inici","item":"https:\/\/www.mataroempresa.cat\/es\/"},{"@type":"ListItem","position":2,"name":"Empieza","item":"https:\/\/www.mataroempresa.cat\/es\/empieza\/"},{"@type":"ListItem","position":3,"name":"Financiaci\u00f3n"}]},{"@type":"WebSite","@id":"https:\/\/www.mataroempresa.cat\/es\/#website","url":"https:\/\/www.mataroempresa.cat\/es\/","name":"Matar\u00f3 Empresa","description":"Matar\u00f3 Empresa","potentialAction":[{"@type":"SearchAction","target":{"@type":"EntryPoint","urlTemplate":"https:\/\/www.mataroempresa.cat\/es\/?s={search_term_string}"},"query-input":"required name=search_term_string"}],"inLanguage":"es-ES"}]}},"_links":{"self":[{"href":"https:\/\/www.mataroempresa.cat\/es\/wp-json\/wp\/v2\/pages\/1884"}],"collection":[{"href":"https:\/\/www.mataroempresa.cat\/es\/wp-json\/wp\/v2\/pages"}],"about":[{"href":"https:\/\/www.mataroempresa.cat\/es\/wp-json\/wp\/v2\/types\/page"}],"author":[{"embeddable":true,"href":"https:\/\/www.mataroempresa.cat\/es\/wp-json\/wp\/v2\/users\/7"}],"replies":[{"embeddable":true,"href":"https:\/\/www.mataroempresa.cat\/es\/wp-json\/wp\/v2\/comments?post=1884"}],"version-history":[{"count":7,"href":"https:\/\/www.mataroempresa.cat\/es\/wp-json\/wp\/v2\/pages\/1884\/revisions"}],"predecessor-version":[{"id":3998,"href":"https:\/\/www.mataroempresa.cat\/es\/wp-json\/wp\/v2\/pages\/1884\/revisions\/3998"}],"up":[{"embeddable":true,"href":"https:\/\/www.mataroempresa.cat\/es\/wp-json\/wp\/v2\/pages\/1878"}],"wp:attachment":[{"href":"https:\/\/www.mataroempresa.cat\/es\/wp-json\/wp\/v2\/media?parent=1884"}],"curies":[{"name":"wp","href":"https:\/\/api.w.org\/{rel}","templated":true}]}}