{"id":1917,"date":"2015-01-13T10:00:14","date_gmt":"2015-01-13T10:00:14","guid":{"rendered":"http:\/\/www.mataroempresa.cat\/?page_id=1917"},"modified":"2021-07-09T08:35:55","modified_gmt":"2021-07-09T08:35:55","slug":"investigacion-y-transferencia-tecnologica","status":"publish","type":"page","link":"https:\/\/www.mataroempresa.cat\/es\/crecer\/investigacion-y-transferencia-tecnologica\/","title":{"rendered":"Investigaci\u00f3n y transferencia tecnol\u00f3gica"},"content":{"rendered":"<section class=\"cs-section\"><div class=\"container\"><div class=\"row\"><div class=\"col-md-12\"><div class=\"cs-column-text\"><div style=\"\" class=\"parentlayerslidercont\">\n<div data-slider_options=\"{&quot;width&quot;:&quot;848&quot;,&quot;height&quot;:&quot;430&quot;,&quot;autoplay_delay&quot;:&quot;6000&quot;,&quot;slide_bgcolor&quot;:&quot;#fff&quot;,&quot;slide_order&quot;:&quot;seq&quot;,&quot;slide_animation&quot;:&quot;fade&quot;,&quot;slider_shadow&quot;:&quot;1&quot;,&quot;arrow_color&quot;:&quot;#fff&quot;,&quot;arrow_size&quot;:1,&quot;thumbnails_position&quot;:&quot;bottom&quot;,&quot;dots_color&quot;:&quot;#000&quot;,&quot;dots_border_color&quot;:&quot;#000&quot;,&quot;dots_size&quot;:10,&quot;dots_position&quot;:&quot;bottom&quot;,&quot;selected_thumb_border_color&quot;:&quot;#000&quot;,&quot;slider_border_color&quot;:&quot;#fff&quot;,&quot;custom_css&quot;:&quot;&quot;,&quot;is_responsive&quot;:true,&quot;auto_start&quot;:false,&quot;pause_on_mouse_over&quot;:false,&quot;autoplay_vid&quot;:false,&quot;pause_slideshow_vid&quot;:true,&quot;full_width&quot;:false,&quot;thumbnails&quot;:false,&quot;thumbnails_arrow&quot;:false,&quot;full_screen&quot;:false,&quot;is_text_responsive&quot;:false,&quot;nav_arrows&quot;:false,&quot;nav_dots&quot;:false,&quot;is_slider_border_color&quot;:false,&quot;lazy_load&quot;:false,&quot;slider_order&quot;:&quot;seq&quot;}\" class=\"slider-pro wprlslayerslider\" id=\"slider3965\" data-sliderid=\"3965\" data-iwidth=\"848\" data-iheight=\"430\">\n    <div class=\"sp-slides\">\n    \t                <div class=\"sp-slide sp-slide0\" data-slideid=\"39651\" data-slideduration=\"1000\" data-animation=\"fade\">\n\n                        \n                        \n            <img class=\"sp-image\" alt=\"\" src=\"http:\/\/www.mataroempresa.cat\/wp-content\/uploads\/2014\/11\/creix.jpg\" \/>\n            \n            \n                        \n                               \n            <\/div>\n    \t    \n<\/div>\n<\/div>\n<\/div> <!-- end slider -->\n<!-- CUSTOM CSS -->\n<style><\/style>\n<!-- END CUSTOM CSS --><hr class=\"cs-space\" style=\"margin-top:40px\"><\/p>\n<\/div><\/div><\/div><\/div><\/section><section class=\"cs-section no-padding\"><div class=\"container\"><div class=\"row\"><div class=\"col-md-3\"><div class=\"cs-column-text\"><div class=\"page-sidebar sidebar-left\"><aside id=\"sidebar\"><div class=\"route_widget widget_nav_menu\"><div class=\"menu-menu-creixer-cast-container\"><ul id=\"menu-menu-creixer-cast\" class=\"menu\"><li id=\"menu-item-2124\" class=\"menu-item menu-item-type-post_type menu-item-object-page menu-item-2124\"><a href=\"https:\/\/www.mataroempresa.cat\/es\/crecer\/\">Estrategia Empresarial<\/a><\/li>\n<li id=\"menu-item-2130\" class=\"menu-item menu-item-type-post_type menu-item-object-page menu-item-2130\"><a href=\"https:\/\/www.mataroempresa.cat\/es\/crecer\/financiacion\/\">Financiaci\u00f3n<\/a><\/li>\n<li id=\"menu-item-2132\" class=\"menu-item menu-item-type-post_type menu-item-object-page menu-item-2132\"><a href=\"https:\/\/www.mataroempresa.cat\/es\/crecer\/internacionalizacion\/\">Internacionalizaci\u00f3n<\/a><\/li>\n<li id=\"menu-item-2131\" class=\"menu-item menu-item-type-post_type menu-item-object-page menu-item-2131\"><a href=\"https:\/\/www.mataroempresa.cat\/es\/crecer\/formacion-continua\/\">Formaci\u00f3n Continua<\/a><\/li>\n<li id=\"menu-item-2126\" class=\"menu-item menu-item-type-post_type menu-item-object-page menu-item-2126\"><a href=\"https:\/\/www.mataroempresa.cat\/es\/crecer\/bolsa-de-trabajo-practicas\/\">Bolsa de trabajo y pr\u00e1cticas<\/a><\/li>\n<li id=\"menu-item-2127\" class=\"menu-item menu-item-type-post_type menu-item-object-page menu-item-2127\"><a href=\"https:\/\/www.mataroempresa.cat\/es\/crecer\/congresos-y-ferias\/\">Congresos y ferias<\/a><\/li>\n<li id=\"menu-item-2128\" class=\"menu-item menu-item-type-post_type menu-item-object-page menu-item-2128\"><a href=\"https:\/\/www.mataroempresa.cat\/es\/crecer\/digitalizacion-del-negocio\/\">Digitalizaci\u00f3n del negocio<\/a><\/li>\n<li id=\"menu-item-2134\" class=\"menu-item menu-item-type-post_type menu-item-object-page menu-item-2134\"><a href=\"https:\/\/www.mataroempresa.cat\/es\/crecer\/concursos-y-licitaciones\/\">Oportunidades de negocio en concursos y licitaciones<\/a><\/li>\n<li id=\"menu-item-2133\" class=\"menu-item menu-item-type-post_type menu-item-object-page menu-item-2133\"><a href=\"https:\/\/www.mataroempresa.cat\/es\/crecer\/investigacion-y-transferencia-tecnologica\/\">Investigaci\u00f3n y transferencia tecnol\u00f3gica<\/a><\/li>\n<li id=\"menu-item-2136\" class=\"menu-item menu-item-type-post_type menu-item-object-page menu-item-2136\"><a href=\"https:\/\/www.mataroempresa.cat\/es\/crecer\/responsabilidad-social\/\">Responsabilidad social<\/a><\/li>\n<li id=\"menu-item-2129\" class=\"menu-item menu-item-type-post_type menu-item-object-page menu-item-2129\"><a href=\"https:\/\/www.mataroempresa.cat\/es\/crecer\/economia-cooperativa\/\">Econom\u00eda Cooperativa<\/a><\/li>\n<li id=\"menu-item-2135\" class=\"menu-item menu-item-type-post_type menu-item-object-page menu-item-2135\"><a href=\"https:\/\/www.mataroempresa.cat\/es\/relevo-empresarial\/\">Relevo empresarial<\/a><\/li>\n<li id=\"menu-item-2125\" class=\"menu-item menu-item-type-post_type menu-item-object-page menu-item-2125\"><a href=\"https:\/\/www.mataroempresa.cat\/es\/crecer\/asociaciones-entidades-empresariales\/\">Asociaciones y entidades empresariales<\/a><\/li>\n<\/ul><\/div><\/div><\/aside><\/div>\n<\/div><\/div><div class=\"col-md-9\"><div class=\"cs-column-text\"><h3><span style=\"color: #009ee0;\">Servicios de investigaci\u00f3n y transferencia tecnologica<\/span><\/h3>\n<p>En un mundo tan cambiante, la investigaci\u00f3n y la innovaci\u00f3n tecnol\u00f3gica son muy necesarias para cualquier industria, traduciendose un valor de crecimiento de la empresa y de ventaja competitiva, as\u00ed como traduciendose en la mejora de la econom\u00eda.<\/p>\n<p>\u00bfCu\u00e1les\u00a0son\u00a0los centros de investigaci\u00f3n e innovaci\u00f3n en el Maresme?<\/p>\n<ul>\n<li>Consulta el <a href=\"http:\/\/www.tecnocampus.cat\/ca\/projectes-transferencia\" target=\"_blank\" rel=\"noopener\">proyectos de Investigaci\u00f3n del Parque Tecnocampus<\/a><\/li>\n<li><a href=\"http:\/\/www.cetemmsa.com\/\" target=\"_blank\" rel=\"noopener\">Cetemmsa <\/a>es un centro tecnol\u00f3gico de servicios de I+D, con una trayectoria de m\u00e1s de 19 a\u00f1os, que realiza investigaci\u00f3n aplicada de materiales y dispositivos inteligentes &#8211; Smart Materiales &amp; Smart Devices.<\/li>\n<li>El <a href=\"https:\/\/www.diba.cat\/es\/web\/educacio\/crttt\" target=\"_blank\" rel=\"noopener\">Centro de Investigaci\u00f3n y Transferencia de Tecnolog\u00eda Textil<\/a> (CRTTT &#8211; Escuela de Tejidos) de Canet de Mar.<\/li>\n<\/ul>\n<p><strong><span style=\"color: #009ee0;\">Informe de patentabilidad<\/span><\/strong><\/p>\n<p>Si ten\u00e9is un prototipo o un nuevo servicio o producto, os ofrecemos un primer informe de patentabilidad. Consultadnos<\/p>\n<\/div><\/div><\/div><\/div><\/section>\n","protected":false},"excerpt":{"rendered":"<p><span class=\"entry-read-more\"><a href=\"https:\/\/www.mataroempresa.cat\/es\/crecer\/investigacion-y-transferencia-tecnologica\/\" class=\"cs-btn cs-btn-flat cs-btn-rounded cs-btn-xxs cs-btn-flat-accent\">Leer m\u00e1s<\/a><\/span><\/p>\n","protected":false},"author":7,"featured_media":0,"parent":1895,"menu_order":0,"comment_status":"closed","ping_status":"closed","template":"","meta":{"footnotes":""},"yoast_head":"<!-- This site is optimized with the Yoast SEO plugin v21.1 - https:\/\/yoast.com\/wordpress\/plugins\/seo\/ -->\n<title>Investigaci\u00f3n y transferencia tecnol\u00f3gica - Matar\u00f3 Empresa<\/title>\n<meta name=\"robots\" content=\"index, follow, max-snippet:-1, max-image-preview:large, max-video-preview:-1\" \/>\n<link rel=\"canonical\" href=\"https:\/\/www.mataroempresa.cat\/es\/crecer\/investigacion-y-transferencia-tecnologica\/\" \/>\n<meta property=\"og:locale\" content=\"es_ES\" \/>\n<meta property=\"og:type\" content=\"article\" \/>\n<meta property=\"og:title\" content=\"Investigaci\u00f3n y transferencia tecnol\u00f3gica - Matar\u00f3 Empresa\" \/>\n<meta property=\"og:url\" content=\"https:\/\/www.mataroempresa.cat\/es\/crecer\/investigacion-y-transferencia-tecnologica\/\" \/>\n<meta property=\"og:site_name\" content=\"Matar\u00f3 Empresa\" \/>\n<meta property=\"article:modified_time\" content=\"2021-07-09T08:35:55+00:00\" \/>\n<meta name=\"twitter:card\" content=\"summary_large_image\" \/>\n<meta name=\"twitter:label1\" content=\"Tiempo de lectura\" \/>\n\t<meta name=\"twitter:data1\" content=\"1 minute\" \/>\n<script type=\"application\/ld+json\" class=\"yoast-schema-graph\">{\"@context\":\"https:\/\/schema.org\",\"@graph\":[{\"@type\":\"WebPage\",\"@id\":\"https:\/\/www.mataroempresa.cat\/es\/crecer\/investigacion-y-transferencia-tecnologica\/\",\"url\":\"https:\/\/www.mataroempresa.cat\/es\/crecer\/investigacion-y-transferencia-tecnologica\/\",\"name\":\"Investigaci\u00f3n y transferencia tecnol\u00f3gica - Matar\u00f3 Empresa\",\"isPartOf\":{\"@id\":\"https:\/\/www.mataroempresa.cat\/es\/#website\"},\"datePublished\":\"2015-01-13T10:00:14+00:00\",\"dateModified\":\"2021-07-09T08:35:55+00:00\",\"breadcrumb\":{\"@id\":\"https:\/\/www.mataroempresa.cat\/es\/crecer\/investigacion-y-transferencia-tecnologica\/#breadcrumb\"},\"inLanguage\":\"es-ES\",\"potentialAction\":[{\"@type\":\"ReadAction\",\"target\":[\"https:\/\/www.mataroempresa.cat\/es\/crecer\/investigacion-y-transferencia-tecnologica\/\"]}]},{\"@type\":\"BreadcrumbList\",\"@id\":\"https:\/\/www.mataroempresa.cat\/es\/crecer\/investigacion-y-transferencia-tecnologica\/#breadcrumb\",\"itemListElement\":[{\"@type\":\"ListItem\",\"position\":1,\"name\":\"Inici\",\"item\":\"https:\/\/www.mataroempresa.cat\/es\/\"},{\"@type\":\"ListItem\",\"position\":2,\"name\":\"Crecer\",\"item\":\"https:\/\/www.mataroempresa.cat\/es\/crecer\/\"},{\"@type\":\"ListItem\",\"position\":3,\"name\":\"Investigaci\u00f3n y transferencia tecnol\u00f3gica\"}]},{\"@type\":\"WebSite\",\"@id\":\"https:\/\/www.mataroempresa.cat\/es\/#website\",\"url\":\"https:\/\/www.mataroempresa.cat\/es\/\",\"name\":\"Matar\u00f3 Empresa\",\"description\":\"Matar\u00f3 Empresa\",\"potentialAction\":[{\"@type\":\"SearchAction\",\"target\":{\"@type\":\"EntryPoint\",\"urlTemplate\":\"https:\/\/www.mataroempresa.cat\/es\/?s={search_term_string}\"},\"query-input\":\"required name=search_term_string\"}],\"inLanguage\":\"es-ES\"}]}<\/script>\n<!-- \/ Yoast SEO plugin. -->","yoast_head_json":{"title":"Investigaci\u00f3n y transferencia tecnol\u00f3gica - Matar\u00f3 Empresa","robots":{"index":"index","follow":"follow","max-snippet":"max-snippet:-1","max-image-preview":"max-image-preview:large","max-video-preview":"max-video-preview:-1"},"canonical":"https:\/\/www.mataroempresa.cat\/es\/crecer\/investigacion-y-transferencia-tecnologica\/","og_locale":"es_ES","og_type":"article","og_title":"Investigaci\u00f3n y transferencia tecnol\u00f3gica - Matar\u00f3 Empresa","og_url":"https:\/\/www.mataroempresa.cat\/es\/crecer\/investigacion-y-transferencia-tecnologica\/","og_site_name":"Matar\u00f3 Empresa","article_modified_time":"2021-07-09T08:35:55+00:00","twitter_card":"summary_large_image","twitter_misc":{"Tiempo de lectura":"1 minute"},"schema":{"@context":"https:\/\/schema.org","@graph":[{"@type":"WebPage","@id":"https:\/\/www.mataroempresa.cat\/es\/crecer\/investigacion-y-transferencia-tecnologica\/","url":"https:\/\/www.mataroempresa.cat\/es\/crecer\/investigacion-y-transferencia-tecnologica\/","name":"Investigaci\u00f3n y transferencia tecnol\u00f3gica - Matar\u00f3 Empresa","isPartOf":{"@id":"https:\/\/www.mataroempresa.cat\/es\/#website"},"datePublished":"2015-01-13T10:00:14+00:00","dateModified":"2021-07-09T08:35:55+00:00","breadcrumb":{"@id":"https:\/\/www.mataroempresa.cat\/es\/crecer\/investigacion-y-transferencia-tecnologica\/#breadcrumb"},"inLanguage":"es-ES","potentialAction":[{"@type":"ReadAction","target":["https:\/\/www.mataroempresa.cat\/es\/crecer\/investigacion-y-transferencia-tecnologica\/"]}]},{"@type":"BreadcrumbList","@id":"https:\/\/www.mataroempresa.cat\/es\/crecer\/investigacion-y-transferencia-tecnologica\/#breadcrumb","itemListElement":[{"@type":"ListItem","position":1,"name":"Inici","item":"https:\/\/www.mataroempresa.cat\/es\/"},{"@type":"ListItem","position":2,"name":"Crecer","item":"https:\/\/www.mataroempresa.cat\/es\/crecer\/"},{"@type":"ListItem","position":3,"name":"Investigaci\u00f3n y transferencia tecnol\u00f3gica"}]},{"@type":"WebSite","@id":"https:\/\/www.mataroempresa.cat\/es\/#website","url":"https:\/\/www.mataroempresa.cat\/es\/","name":"Matar\u00f3 Empresa","description":"Matar\u00f3 Empresa","potentialAction":[{"@type":"SearchAction","target":{"@type":"EntryPoint","urlTemplate":"https:\/\/www.mataroempresa.cat\/es\/?s={search_term_string}"},"query-input":"required name=search_term_string"}],"inLanguage":"es-ES"}]}},"_links":{"self":[{"href":"https:\/\/www.mataroempresa.cat\/es\/wp-json\/wp\/v2\/pages\/1917"}],"collection":[{"href":"https:\/\/www.mataroempresa.cat\/es\/wp-json\/wp\/v2\/pages"}],"about":[{"href":"https:\/\/www.mataroempresa.cat\/es\/wp-json\/wp\/v2\/types\/page"}],"author":[{"embeddable":true,"href":"https:\/\/www.mataroempresa.cat\/es\/wp-json\/wp\/v2\/users\/7"}],"replies":[{"embeddable":true,"href":"https:\/\/www.mataroempresa.cat\/es\/wp-json\/wp\/v2\/comments?post=1917"}],"version-history":[{"count":8,"href":"https:\/\/www.mataroempresa.cat\/es\/wp-json\/wp\/v2\/pages\/1917\/revisions"}],"predecessor-version":[{"id":4012,"href":"https:\/\/www.mataroempresa.cat\/es\/wp-json\/wp\/v2\/pages\/1917\/revisions\/4012"}],"up":[{"embeddable":true,"href":"https:\/\/www.mataroempresa.cat\/es\/wp-json\/wp\/v2\/pages\/1895"}],"wp:attachment":[{"href":"https:\/\/www.mataroempresa.cat\/es\/wp-json\/wp\/v2\/media?parent=1917"}],"curies":[{"name":"wp","href":"https:\/\/api.w.org\/{rel}","templated":true}]}}