{"id":3174,"date":"2016-09-09T07:21:31","date_gmt":"2016-09-09T07:21:31","guid":{"rendered":"http:\/\/www.mataroempresa.cat\/noticias\/cursos-2016\/"},"modified":"2016-09-09T08:51:00","modified_gmt":"2016-09-09T08:51:00","slug":"cursos-2016","status":"publish","type":"page","link":"https:\/\/www.mataroempresa.cat\/es\/noticias\/cursos-2016\/","title":{"rendered":"Cursos 2016"},"content":{"rendered":"<p style=\"text-align: center;\">\n<p style=\"text-align: center;\"><strong>1) COMO NEGOCIAR CR\u00c9DITOS DOCUMENTARIOS<\/strong><strong>\u00a0<\/strong><\/p>\n<p><strong>26 de septiembre de 2016<\/strong><br \/>\nEl objetivo del curso, es que el alumno conozca cu\u00e1l es la mejor opci\u00f3n para eliminar los\u00a0riesgos financieros de una operaci\u00f3n de compraventa internacional y as\u00ed poder hacer una buena negociaci\u00f3n.<\/p>\n<p>Conocer en profundidad qu\u00e9 es la operativa del cr\u00e9dito documentario, visualizar el riesgos y los costes y como negociar para hacer la operaci\u00f3n m\u00e1s segura.<\/p>\n<p>Relacionar el cr\u00e9dito documentario con operaciones de alto valor, reducci\u00f3n de riesgos financieros, financiaciones, operaciones triangulares, etc.\u00a0Conocer, gestionar y negociar todas las formas de pago cobro que se utilizan a nivel internacional.<\/p>\n<p>Actualizar y mejorar el conocimiento en comercio internacional.<\/p>\n<p><strong><a href=\"mataro@cambrabcn.org\" target=\"_blank\">QUIERO INSCRIBIRME AL CURSO (CLICKAR)<\/a><\/strong><\/p>\n<p>&nbsp;<\/p>\n<p style=\"text-align: center;\"><strong>2) NOVEDADES EN EL C\u00d3DIGO ADUANERO DE LA UNI\u00d3N EUROPEA<\/strong><\/p>\n<p><strong>27 de septiembre de 2016<\/strong><\/p>\n<p>Durante la sesi\u00f3n se analizar\u00e1n las principales novedades del nuevo C\u00f3digo aduanero de la Uni\u00f3n (C.A.Uno) como fuente normativa por las operaciones internacionales de compra-venta.<\/p>\n<p><strong><a href=\"mailto:mataro@cambrabcn.org\">QUIERO INSCRIBIRME AL CURSO (CLICKAR)<\/a><\/strong><\/p>\n<p><strong>\u00a0<\/strong><\/p>\n<p>&nbsp;<\/p>\n<p style=\"text-align: center;\"><strong>3) REGULACI\u00d3N LABORAL EN LA SUBCONTRATACI\u00d3N DE OBRAS Y SERVICIOS<\/strong><\/p>\n<p style=\"text-align: center;\"><strong>\u00a0<\/strong><\/p>\n<p><strong>5 de octubre de 2016<\/strong><\/p>\n<p>El modelo tradicional de empresa que asum\u00eda y dirig\u00eda todas las tareas del proceso productivo ha dado a otros modelos organizativos, a trav\u00e9s de la descentralizaci\u00f3n productiva. La regulaci\u00f3n &#8220;laboral&#8221; del trabajo en contratos y subcontratos de obras y servicios constituye uno de los pasajes m\u00e1s frecuentados y al mismo tiempo m\u00e1s problem\u00e1ticos del Derecho del Trabajo, con m\u00faltiples acercamientos doctrinales e infinidad de pronunciamientos jurisprudenciales.<\/p>\n<p>Durante el curso analizaremos la subcontrataci\u00f3n de obras y servicios, conoceremos las principales obligaciones y responsabilidades empresariales as\u00ed como la evoluci\u00f3n de la jurisprudencia.<\/p>\n<p><strong><a href=\"mailto:mataro@cambrabcn.org\">QUIERO INSCRIBIRME AL CURSO (CLICKAR)<\/a><\/strong><\/p>\n<p><strong>\u00a0<\/strong><\/p>\n<p style=\"text-align: center;\"><strong>4) CUADRO DE MANDO INTEGRAL<\/strong><\/p>\n<p><strong>Del 10 al 24 de octubre de 2016<\/strong><\/p>\n<p>El objetivo de este curso es obtener el conocimiento y las herramientas para implantar un buen cuadro de mando. Durante el curso se visualizar\u00e1 de forma transversal (en todo el conjunto) la empresa, obteniendo informaci\u00f3n e incorporando valor a la toma de decisiones. Tambi\u00e9n se tratar\u00e1 como implantar un cuadro de mando por indicadores, en toda la organizaci\u00f3n y la gesti\u00f3n por liderazgo.<\/p>\n<p><strong><a href=\"mailto:mataro@cambrabcn.org\">QUIERO INSCRIBIRME AL CURSO (CLICKAR)<\/a><\/strong><\/p>\n<p><strong>\u00a0<\/strong><\/p>\n<p style=\"text-align: center;\"><strong>5) EL NUEVO ROL DE LOS AYUDANTES O ASISTENTES DE DIRECCI\u00d3N<\/strong><\/p>\n<p><strong>Del 14 de octubre al 4 de noviembre de 2016<\/strong><\/p>\n<p>La funci\u00f3n de las secretarias de direcci\u00f3n, ejecutivas, ayudantes o assistant de direcci\u00f3n, ha cambiado gracias a la evoluci\u00f3n de la tecnolog\u00eda que ha facilitado que empresarios y directivos sean m\u00e1s aut\u00f3nomos para gestionar su d\u00eda a d\u00eda. Esto ha hecho que el profesional del secretariado tengan unas funciones m\u00e1s polivalentes.<\/p>\n<p>Los objetivos generales del curso son:<\/p>\n<p>Saber analizar el estilo personal y el estilo de liderazgo y c\u00f3mo impacta en las relaciones.<\/p>\n<p>Tener clara la conciencia de sus funciones y responsabilidades.<\/p>\n<p>Practicar habilidades de comunicaci\u00f3n asertiva en situaciones inc\u00f3modas o conflictivas.<\/p>\n<p>Aplicar estrategias de gesti\u00f3n del tiempo en su puesto de trabajo.<\/p>\n<p>En resumen, se potenciar\u00e1n competencias como la autonom\u00eda, la discreci\u00f3n, la capacidad de trabajo, el dinamismo, la capacidad de resolver conflictos y la coordinaci\u00f3n de personas.<\/p>\n<p><strong><a href=\"mailto:mataro@cambrabcn.org\">QUIERO INSCRIBIRME AL CURSO (CLICKAR)<\/a><\/strong><\/p>\n<p><strong>\u00a0<\/strong><\/p>\n<p style=\"text-align: center;\"><strong>6) HERRAMIENTAS AVANZADAS DE EXCEL<\/strong><\/p>\n<p style=\"text-align: center;\"><strong>\u00a0<\/strong><\/p>\n<p><strong>Del 19 de octubre al 2 de noviembre de 2016<\/strong><\/p>\n<p>Conocer todas las posibilidades que da el programa inform\u00e1tico Excel con el fin de aumentar la productividad y mejorar la calidad del trabajo en el d\u00eda a d\u00eda.<\/p>\n<p><strong><a href=\"mailto:mataro@cambrabcn.org\">QUIERO INSCRIBIRME AL CURSO (CLICKAR)<\/a><\/strong><\/p>\n<p><strong>\u00a0<\/strong><\/p>\n<p style=\"text-align: center;\"><strong>7) APLICACI\u00d3N DEL LEAN A PROCESOS ADMINISTRATIVOS<\/strong><\/p>\n<p style=\"text-align: center;\"><strong>\u00a0<\/strong><\/p>\n<p><strong>Del 27 de octubre al 3 de noviembre de 2016<\/strong><\/p>\n<p>Consigue mejorar la productividad del departamento administrativo a trav\u00e9s de t\u00e9cnicas que te permitir\u00e1n acortar y eliminar todas aquellas tareas que no aportan valor a la oficina.<\/p>\n<p>La aplicaci\u00f3n del Lean a los procesos administrativos supone una importante contribuci\u00f3n a la mejora de la eficiencia y competitividad de la empresa por eso el objetivo de este curso es capacitar a los asistentes a la aplicaci\u00f3n de estos principios y sus herramientas para mejorar la en torno a trabajo optimizando el m\u00e1ximo los procesos administrativos<\/p>\n<p><strong><a href=\"mailto:mataro@cambrabcn.org\">QUIERO INSCRIBIRME AL CURSO (CLICKAR)<\/a><\/strong><\/p>\n<p><strong>\u00a0<\/strong><\/p>\n<p style=\"text-align: center;\"><strong>8) GESTI\u00d3N EFICAZ DE CONFLICTOS Y PREVENCI\u00d3N DE RECLAMACIONES<\/strong><\/p>\n<p style=\"text-align: center;\"><strong>\u00a0<\/strong><\/p>\n<p><strong>Del 15 al 29 de noviembre de 2016<\/strong><\/p>\n<p>\u00bfPorque tenemos conflictos con los clientes?<\/p>\n<p>Ni la mejor organizaci\u00f3n, ni los mejores profesionales podr\u00e1n evitar que se produzcan situaciones de reclamaci\u00f3n de los clientes. Las organizaciones son una entidad viva, tanto por el factor humano como en los medios y materiales que utiliza, por otro lado, la actividad diaria, el exceso de trabajo, los cambios de paradigmas en situaciones de crisis, los imprevistos y alteraciones de las circunstancias producir\u00e1n cambios en las situaciones que inevitablemente nos pueden traer a no satisfacer las necesidades de nuestros clientes.<\/p>\n<p>&#8220;El cliente no siempre tiene la raz\u00f3n, pero siempre tiene que estar muy atendido&#8221;<\/p>\n<p>Los clientes tambi\u00e9n se equivocan y reclaman sin raz\u00f3n, eligen art\u00edculos que no son los que necesitaban, se crean expectativas poco realistas, interpretan inadecuadamente un mensaje o dan por hecho que tenemos que adivinar el que ellos necesitan&#8230;.Pocas veces est\u00e1n dispuestos a reconocer sus errores, sea porque est\u00e1n convencidos que tienen raz\u00f3n o simplemente porque quieren obtener ventajas.<\/p>\n<p>Hablando no se entiende la gente&#8221;<\/p>\n<p>La comunicaci\u00f3n es una necesidad b\u00e1sica del ser humano, pero tambi\u00e9n una fuente de malentendidos y conflictos. No va, est\u00e1 sujeta a la interpretaci\u00f3n subjetiva de cada interlocutor. Y el espacio que se genera entre aquello que queremos compartir y el que nuestro oyente entiende es el detonante de infinitas reacciones impulsivas (muchas veces, defensivas), que pueden derivar conflictos.<\/p>\n<p>\u00bfComo salir del ciclo &#8220;estr\u00e9s, emoci\u00f3n, conflicto&#8221;?<\/p>\n<p>Adem\u00e1s de la negociaci\u00f3n y de la diplomacia, qu\u00e9 otros medios est\u00e1n disponibles para evitar y desactivar el conflicto?<\/p>\n<p>M\u00e1s de una respuesta la encontramos en la habilidad y el poder resolutivo de la gesti\u00f3n de las emociones.<\/p>\n<p>Para empezar, para gestionar conflictos o reclamaciones &#8220;Hay que tener la actitud adecuada para solucionar problemas, el inter\u00e9s para llegar a acuerdos y la firme determinaci\u00f3n de aportar el mejor de t\u00fa mismo asumiendo tu responsabilidad en el conflicto.<\/p>\n<p><strong><a href=\"mailto:mataro@cambrabcn.org\">QUIERO INSCRIBIRME AL CURSO (CLICKAR)<\/a><\/strong><\/p>\n<p><strong>\u00a0<\/strong><\/p>\n<p style=\"text-align: center;\"><strong>9) EXCEL PARA EXPERTOS<\/strong><\/p>\n<p style=\"text-align: center;\"><strong>\u00a0<\/strong><\/p>\n<p><strong>Del 23 al 30 de noviembre de 2016<\/strong><\/p>\n<p>Perfeccionar y conocer todas las posibilidades que da el programa inform\u00e1tico Excel con el fin de aumentar la productividad y mejorar la calidad del trabajo en el d\u00eda a d\u00eda. Usuarios avanzados de Excel que quieran perfeccionar sus conocimientos del programa.<\/p>\n<p><strong><a href=\"mailto:mataro@cambrabcn.org\">QUIERO INSCRIBIRME AL CURSO (CLICKAR)<\/a><\/strong><\/p>\n<p><strong>\u00a0<\/strong><\/p>\n<p style=\"text-align: center;\"><strong>10) GESTI\u00d3N DE TRANSPORTE MAR\u00cdTIMO<\/strong><\/p>\n<p style=\"text-align: center;\"><strong>\u00a0<\/strong><\/p>\n<p><strong>11 y 18 de noviembre de 2016<\/strong><\/p>\n<p><strong><a href=\"mailto:mataro@cambrabcn.org\">QUIERO INSCRIBIRME AL CURSO (CLICKAR)<\/a><\/strong><\/p>\n<p><strong>\u00a0<\/strong><\/p>\n<p style=\"text-align: center;\"><strong>11) COMO GESTIONAR EL RIESGO DE CLIENTES. LA MOROSIDAD<\/strong><\/p>\n<p><strong>28 de noviembre de 2016<\/strong><\/p>\n<p>Vender a cr\u00e9dito: es un riesgo o es una oportunidad?. Todo y las ventajas del cr\u00e9dito comercial (incrementar las ventas y adaptarse a las condiciones de la competencia), existe un riesgo financiero considerable (cobrar m\u00e1s tarde o, incl\u00fas, no llegar a cobrar nunca). El reto, pues, es llegar a un equilibrio razonable entre riesgo y rentabilidad.<\/p>\n<p>Actualmente, para poder vender, las empresas no s\u00f3lo rebajan los precios, reduciendo por lo tanto el margen, sino tambi\u00e9n acostumbran a relajar las condiciones comerciales, con lo cual asumen m\u00e1s riesgo comercial del aconsejable.<\/p>\n<p>Por eso, el objetivo es llegar a conocer las pol\u00edticas, instrumentos de medida y concesi\u00f3n de riesgo comercial, criterios y actuaciones ante impagados<\/p>\n<p><strong><a href=\"mailto:mataro@cambrabcn.org\">QUIERO INSCRIBIRME AL CURSO (CLICKAR)<\/a><\/strong><\/p>\n<p><strong>\u00a0<\/strong><\/p>\n<p>&nbsp;<\/p>\n","protected":false},"excerpt":{"rendered":"<p>1) COMO NEGOCIAR CR\u00c9DITOS DOCUMENTARIOS\u00a0 26 de septiembre de 2016 El objetivo del curso, es que el alumno conozca cu\u00e1l es la mejor opci\u00f3n para eliminar los\u00a0riesgos financieros de una [&hellip;]<span class=\"entry-read-more\"><a href=\"https:\/\/www.mataroempresa.cat\/es\/noticias\/cursos-2016\/\" class=\"cs-btn cs-btn-flat cs-btn-rounded cs-btn-xxs cs-btn-flat-accent\">Leer m\u00e1s<\/a><\/span><\/p>\n","protected":false},"author":1,"featured_media":0,"parent":2415,"menu_order":0,"comment_status":"closed","ping_status":"closed","template":"templates\/page-left-sidebar.php","meta":{"footnotes":""},"yoast_head":"<!-- This site is optimized with the Yoast SEO plugin v21.1 - https:\/\/yoast.com\/wordpress\/plugins\/seo\/ -->\n<title>Cursos 2016 - Matar\u00f3 Empresa<\/title>\n<meta name=\"robots\" content=\"index, follow, max-snippet:-1, max-image-preview:large, max-video-preview:-1\" \/>\n<link rel=\"canonical\" href=\"https:\/\/www.mataroempresa.cat\/es\/noticias\/cursos-2016\/\" \/>\n<meta property=\"og:locale\" content=\"es_ES\" \/>\n<meta property=\"og:type\" content=\"article\" \/>\n<meta property=\"og:title\" content=\"Cursos 2016 - Matar\u00f3 Empresa\" \/>\n<meta property=\"og:description\" content=\"1) COMO NEGOCIAR CR\u00c9DITOS DOCUMENTARIOS\u00a0 26 de septiembre de 2016 El objetivo del curso, es que el alumno conozca cu\u00e1l es la mejor opci\u00f3n para eliminar los\u00a0riesgos financieros de una [&hellip;]\" \/>\n<meta property=\"og:url\" content=\"https:\/\/www.mataroempresa.cat\/es\/noticias\/cursos-2016\/\" \/>\n<meta property=\"og:site_name\" content=\"Matar\u00f3 Empresa\" \/>\n<meta property=\"article:modified_time\" content=\"2016-09-09T08:51:00+00:00\" \/>\n<meta name=\"twitter:card\" content=\"summary_large_image\" \/>\n<meta name=\"twitter:label1\" content=\"Tiempo de lectura\" \/>\n\t<meta name=\"twitter:data1\" content=\"6 minutes\" \/>\n<script type=\"application\/ld+json\" class=\"yoast-schema-graph\">{\"@context\":\"https:\/\/schema.org\",\"@graph\":[{\"@type\":\"WebPage\",\"@id\":\"https:\/\/www.mataroempresa.cat\/es\/noticias\/cursos-2016\/\",\"url\":\"https:\/\/www.mataroempresa.cat\/es\/noticias\/cursos-2016\/\",\"name\":\"Cursos 2016 - Matar\u00f3 Empresa\",\"isPartOf\":{\"@id\":\"https:\/\/www.mataroempresa.cat\/es\/#website\"},\"datePublished\":\"2016-09-09T07:21:31+00:00\",\"dateModified\":\"2016-09-09T08:51:00+00:00\",\"breadcrumb\":{\"@id\":\"https:\/\/www.mataroempresa.cat\/es\/noticias\/cursos-2016\/#breadcrumb\"},\"inLanguage\":\"es-ES\",\"potentialAction\":[{\"@type\":\"ReadAction\",\"target\":[\"https:\/\/www.mataroempresa.cat\/es\/noticias\/cursos-2016\/\"]}]},{\"@type\":\"BreadcrumbList\",\"@id\":\"https:\/\/www.mataroempresa.cat\/es\/noticias\/cursos-2016\/#breadcrumb\",\"itemListElement\":[{\"@type\":\"ListItem\",\"position\":1,\"name\":\"Inici\",\"item\":\"https:\/\/www.mataroempresa.cat\/es\/\"},{\"@type\":\"ListItem\",\"position\":2,\"name\":\"Noticias\",\"item\":\"https:\/\/www.mataroempresa.cat\/es\/noticias\/\"},{\"@type\":\"ListItem\",\"position\":3,\"name\":\"Cursos 2016\"}]},{\"@type\":\"WebSite\",\"@id\":\"https:\/\/www.mataroempresa.cat\/es\/#website\",\"url\":\"https:\/\/www.mataroempresa.cat\/es\/\",\"name\":\"Matar\u00f3 Empresa\",\"description\":\"Matar\u00f3 Empresa\",\"potentialAction\":[{\"@type\":\"SearchAction\",\"target\":{\"@type\":\"EntryPoint\",\"urlTemplate\":\"https:\/\/www.mataroempresa.cat\/es\/?s={search_term_string}\"},\"query-input\":\"required name=search_term_string\"}],\"inLanguage\":\"es-ES\"}]}<\/script>\n<!-- \/ Yoast SEO plugin. -->","yoast_head_json":{"title":"Cursos 2016 - Matar\u00f3 Empresa","robots":{"index":"index","follow":"follow","max-snippet":"max-snippet:-1","max-image-preview":"max-image-preview:large","max-video-preview":"max-video-preview:-1"},"canonical":"https:\/\/www.mataroempresa.cat\/es\/noticias\/cursos-2016\/","og_locale":"es_ES","og_type":"article","og_title":"Cursos 2016 - Matar\u00f3 Empresa","og_description":"1) COMO NEGOCIAR CR\u00c9DITOS DOCUMENTARIOS\u00a0 26 de septiembre de 2016 El objetivo del curso, es que el alumno conozca cu\u00e1l es la mejor opci\u00f3n para eliminar los\u00a0riesgos financieros de una [&hellip;]","og_url":"https:\/\/www.mataroempresa.cat\/es\/noticias\/cursos-2016\/","og_site_name":"Matar\u00f3 Empresa","article_modified_time":"2016-09-09T08:51:00+00:00","twitter_card":"summary_large_image","twitter_misc":{"Tiempo de lectura":"6 minutes"},"schema":{"@context":"https:\/\/schema.org","@graph":[{"@type":"WebPage","@id":"https:\/\/www.mataroempresa.cat\/es\/noticias\/cursos-2016\/","url":"https:\/\/www.mataroempresa.cat\/es\/noticias\/cursos-2016\/","name":"Cursos 2016 - Matar\u00f3 Empresa","isPartOf":{"@id":"https:\/\/www.mataroempresa.cat\/es\/#website"},"datePublished":"2016-09-09T07:21:31+00:00","dateModified":"2016-09-09T08:51:00+00:00","breadcrumb":{"@id":"https:\/\/www.mataroempresa.cat\/es\/noticias\/cursos-2016\/#breadcrumb"},"inLanguage":"es-ES","potentialAction":[{"@type":"ReadAction","target":["https:\/\/www.mataroempresa.cat\/es\/noticias\/cursos-2016\/"]}]},{"@type":"BreadcrumbList","@id":"https:\/\/www.mataroempresa.cat\/es\/noticias\/cursos-2016\/#breadcrumb","itemListElement":[{"@type":"ListItem","position":1,"name":"Inici","item":"https:\/\/www.mataroempresa.cat\/es\/"},{"@type":"ListItem","position":2,"name":"Noticias","item":"https:\/\/www.mataroempresa.cat\/es\/noticias\/"},{"@type":"ListItem","position":3,"name":"Cursos 2016"}]},{"@type":"WebSite","@id":"https:\/\/www.mataroempresa.cat\/es\/#website","url":"https:\/\/www.mataroempresa.cat\/es\/","name":"Matar\u00f3 Empresa","description":"Matar\u00f3 Empresa","potentialAction":[{"@type":"SearchAction","target":{"@type":"EntryPoint","urlTemplate":"https:\/\/www.mataroempresa.cat\/es\/?s={search_term_string}"},"query-input":"required name=search_term_string"}],"inLanguage":"es-ES"}]}},"_links":{"self":[{"href":"https:\/\/www.mataroempresa.cat\/es\/wp-json\/wp\/v2\/pages\/3174"}],"collection":[{"href":"https:\/\/www.mataroempresa.cat\/es\/wp-json\/wp\/v2\/pages"}],"about":[{"href":"https:\/\/www.mataroempresa.cat\/es\/wp-json\/wp\/v2\/types\/page"}],"author":[{"embeddable":true,"href":"https:\/\/www.mataroempresa.cat\/es\/wp-json\/wp\/v2\/users\/1"}],"replies":[{"embeddable":true,"href":"https:\/\/www.mataroempresa.cat\/es\/wp-json\/wp\/v2\/comments?post=3174"}],"version-history":[{"count":16,"href":"https:\/\/www.mataroempresa.cat\/es\/wp-json\/wp\/v2\/pages\/3174\/revisions"}],"predecessor-version":[{"id":3191,"href":"https:\/\/www.mataroempresa.cat\/es\/wp-json\/wp\/v2\/pages\/3174\/revisions\/3191"}],"up":[{"embeddable":true,"href":"https:\/\/www.mataroempresa.cat\/es\/wp-json\/wp\/v2\/pages\/2415"}],"wp:attachment":[{"href":"https:\/\/www.mataroempresa.cat\/es\/wp-json\/wp\/v2\/media?parent=3174"}],"curies":[{"name":"wp","href":"https:\/\/api.w.org\/{rel}","templated":true}]}}